{"id":3267,"date":"2025-04-28T12:17:45","date_gmt":"2025-04-28T10:17:45","guid":{"rendered":"https:\/\/celinedebant.fr\/?page_id=3267"},"modified":"2025-04-28T12:25:07","modified_gmt":"2025-04-28T10:25:07","slug":"reflexologie-et-luminotherapie-2","status":"publish","type":"page","link":"https:\/\/celinedebant.fr\/index.php\/reflexologie-et-luminotherapie-2\/","title":{"rendered":"Accompagnement sportifs"},"content":{"rendered":"\t\t<div data-elementor-type=\"wp-page\" data-elementor-id=\"3267\" class=\"elementor elementor-3267\">\n\t\t\t\t\t\t\t\t\t<section class=\"elementor-section elementor-top-section elementor-element elementor-element-ef00043 elementor-section-boxed elementor-section-height-default elementor-section-height-default\" data-id=\"ef00043\" data-element_type=\"section\">\n\t\t\t\t\t\t\t<div class=\"elementor-background-overlay\"><\/div>\n\t\t\t\t\t\t\t<div class=\"elementor-container elementor-column-gap-default\">\n\t\t\t\t\t<div class=\"elementor-column elementor-col-50 elementor-top-column elementor-element elementor-element-86cbc53\" data-id=\"86cbc53\" data-element_type=\"column\" data-settings=\"{&quot;background_background&quot;:&quot;classic&quot;}\">\n\t\t\t<div class=\"elementor-widget-wrap elementor-element-populated\">\n\t\t\t\t\t\t\t\t<div class=\"elementor-element elementor-element-29302ec elementor-widget elementor-widget-spacer\" data-id=\"29302ec\" data-element_type=\"widget\" data-widget_type=\"spacer.default\">\n\t\t\t\t<div class=\"elementor-widget-container\">\n\t\t\t\t\t<div class=\"elementor-spacer\">\n\t\t\t<div class=\"elementor-spacer-inner\"><\/div>\n\t\t<\/div>\n\t\t\t\t<\/div>\n\t\t\t\t<\/div>\n\t\t\t\t<div class=\"elementor-element elementor-element-6359ffe elementor-widget elementor-widget-heading\" data-id=\"6359ffe\" data-element_type=\"widget\" data-widget_type=\"heading.default\">\n\t\t\t\t<div class=\"elementor-widget-container\">\n\t\t\t<h2 class=\"elementor-heading-title elementor-size-default\">Nutrition du sportif de haut niveau : pr\u00e9parez votre corps \u00e0 l'excellence\n<\/h2>\t\t<\/div>\n\t\t\t\t<\/div>\n\t\t\t\t<div class=\"elementor-element elementor-element-8a7ec1d elementor-widget elementor-widget-text-editor\" data-id=\"8a7ec1d\" data-element_type=\"widget\" data-widget_type=\"text-editor.default\">\n\t\t\t\t<div class=\"elementor-widget-container\">\n\t\t\t\t\t\t\t<p><span style=\"vertical-align: inherit;\"><span style=\"vertical-align: inherit;\">C\u00e9line Debant, nutritionniste reconnue \u00e0 Strasbourg, vous accompagne avec des conseils personnalis\u00e9s pour chaque discipline. Avant, pendant et apr\u00e8s l&#8217;effort, elle vous aide \u00e0 comprendre les besoins sp\u00e9cifiques de votre corps (index glyc\u00e9mique, gestion du glycog\u00e8ne, \u00e9quilibre acido-basique\u2026) et \u00e0 mettre en place une strat\u00e9gie nutritionnelle efficace pour atteindre vos objectifs.<\/span><\/span><\/p>\n<p>La performance sportive ne se joue pas uniquement \u00e0 l&#8217;entra\u00eenement. L&#8217;alimentation est une cl\u00e9 majeure pour optimiser votre endurance, votre force et votre r\u00e9cup\u00e9ration. Sp\u00e9cialis\u00e9e en nutrition sportive, je vous propose un accompagnement complet et adapt\u00e9 \u00e0 votre discipline et \u00e0 vos objectifs.<\/p>\t\t\t\t\t\t<\/div>\n\t\t\t\t<\/div>\n\t\t\t\t<div class=\"elementor-element elementor-element-e1ffd3e elementor-widget elementor-widget-spacer\" data-id=\"e1ffd3e\" data-element_type=\"widget\" data-widget_type=\"spacer.default\">\n\t\t\t\t<div class=\"elementor-widget-container\">\n\t\t\t\t\t<div class=\"elementor-spacer\">\n\t\t\t<div class=\"elementor-spacer-inner\"><\/div>\n\t\t<\/div>\n\t\t\t\t<\/div>\n\t\t\t\t<\/div>\n\t\t\t\t\t<\/div>\n\t\t<\/div>\n\t\t\t\t<div class=\"elementor-column elementor-col-50 elementor-top-column elementor-element elementor-element-617ec44\" data-id=\"617ec44\" data-element_type=\"column\">\n\t\t\t<div class=\"elementor-widget-wrap\">\n\t\t\t\t\t\t\t\t\t<\/div>\n\t\t<\/div>\n\t\t\t\t\t\t\t<\/div>\n\t\t<\/section>\n\t\t\t\t<section class=\"elementor-section elementor-top-section elementor-element elementor-element-1f703668 elementor-section-boxed elementor-section-height-default elementor-section-height-default\" data-id=\"1f703668\" data-element_type=\"section\">\n\t\t\t\t\t\t<div class=\"elementor-container elementor-column-gap-default\">\n\t\t\t\t\t<div class=\"elementor-column elementor-col-50 elementor-top-column elementor-element elementor-element-47b5527f\" data-id=\"47b5527f\" data-element_type=\"column\">\n\t\t\t<div class=\"elementor-widget-wrap elementor-element-populated\">\n\t\t\t\t\t\t\t\t<div class=\"elementor-element elementor-element-ce1ebb8 elementor-widget elementor-widget-spacer\" data-id=\"ce1ebb8\" data-element_type=\"widget\" data-widget_type=\"spacer.default\">\n\t\t\t\t<div class=\"elementor-widget-container\">\n\t\t\t\t\t<div class=\"elementor-spacer\">\n\t\t\t<div class=\"elementor-spacer-inner\"><\/div>\n\t\t<\/div>\n\t\t\t\t<\/div>\n\t\t\t\t<\/div>\n\t\t\t\t<div class=\"elementor-element elementor-element-0d0898c elementor-widget elementor-widget-heading\" data-id=\"0d0898c\" data-element_type=\"widget\" data-widget_type=\"heading.default\">\n\t\t\t\t<div class=\"elementor-widget-container\">\n\t\t\t<h2 class=\"elementor-heading-title elementor-size-default\">Comprendre la nutrition sportive<\/h2>\t\t<\/div>\n\t\t\t\t<\/div>\n\t\t\t\t<div class=\"elementor-element elementor-element-4c7991f7 elementor-widget elementor-widget-text-editor\" data-id=\"4c7991f7\" data-element_type=\"widget\" data-widget_type=\"text-editor.default\">\n\t\t\t\t<div class=\"elementor-widget-container\">\n\t\t\t\t\t\t\t<p><!-- wp:paragraph --><\/p>\n<p class=\"\" data-start=\"1237\" data-end=\"1378\">L&#8217;effort physique sollicite fortement l&#8217;organisme, notamment les r\u00e9serves \u00e9nerg\u00e9tiques et l&#8217;\u00e9quilibre m\u00e9tabolique. Il est donc essentiel de :<\/p>\n<ul data-start=\"1380\" data-end=\"1914\">\n<li class=\"\" data-start=\"1380\" data-end=\"1582\">\n<p class=\"\" data-start=\"1382\" data-end=\"1582\"><strong data-start=\"1382\" data-end=\"1414\">Ma\u00eetriser l&#8217;index glyc\u00e9mique<\/strong> : privil\u00e9gier des aliments \u00e0 index glyc\u00e9mique bas pour \u00e9viter les coups de fatigue, puis int\u00e9grer des aliments \u00e0 index \u00e9lev\u00e9 strat\u00e9giquement avant ou pendant l&#8217;effort.<\/p>\n<\/li>\n<li class=\"\" data-start=\"1583\" data-end=\"1742\">\n<p class=\"\" data-start=\"1585\" data-end=\"1742\"><strong data-start=\"1585\" data-end=\"1624\">Optimiser les r\u00e9serves de glycog\u00e8ne<\/strong> : v\u00e9ritable &#8220;carburant&#8221; musculaire, le glycog\u00e8ne doit \u00eatre reconstitu\u00e9 efficacement entre les s\u00e9ances d&#8217;entra\u00eenement.<\/p>\n<\/li>\n<li class=\"\" data-start=\"1743\" data-end=\"1914\">\n<p class=\"\" data-start=\"1745\" data-end=\"1914\"><strong data-start=\"1745\" data-end=\"1784\">Pr\u00e9server l&#8217;\u00e9quilibre acido-basique<\/strong> : un effort intense peut acidifier l&#8217;organisme. Une alimentation adapt\u00e9e limite les risques de fatigue chronique ou de blessures.<\/p>\n<\/li>\n<\/ul>\n<p><!-- \/wp:paragraph --><!-- wp:paragraph --><\/p>\n<p><!-- \/wp:paragraph --><!-- wp:paragraph --><\/p>\n<p><!-- \/wp:paragraph --><!-- wp:paragraph --><\/p>\n<p><!-- \/wp:paragraph --><\/p>\t\t\t\t\t\t<\/div>\n\t\t\t\t<\/div>\n\t\t\t\t\t<\/div>\n\t\t<\/div>\n\t\t\t\t<div class=\"elementor-column elementor-col-50 elementor-top-column elementor-element elementor-element-2d4cdc4\" data-id=\"2d4cdc4\" data-element_type=\"column\">\n\t\t\t<div class=\"elementor-widget-wrap elementor-element-populated\">\n\t\t\t\t\t\t\t\t<div class=\"elementor-element elementor-element-cd083da elementor-widget elementor-widget-spacer\" data-id=\"cd083da\" data-element_type=\"widget\" data-widget_type=\"spacer.default\">\n\t\t\t\t<div class=\"elementor-widget-container\">\n\t\t\t\t\t<div class=\"elementor-spacer\">\n\t\t\t<div class=\"elementor-spacer-inner\"><\/div>\n\t\t<\/div>\n\t\t\t\t<\/div>\n\t\t\t\t<\/div>\n\t\t\t\t<div class=\"elementor-element elementor-element-da5f3c0 elementor-widget elementor-widget-spacer\" data-id=\"da5f3c0\" data-element_type=\"widget\" data-widget_type=\"spacer.default\">\n\t\t\t\t<div class=\"elementor-widget-container\">\n\t\t\t\t\t<div class=\"elementor-spacer\">\n\t\t\t<div class=\"elementor-spacer-inner\"><\/div>\n\t\t<\/div>\n\t\t\t\t<\/div>\n\t\t\t\t<\/div>\n\t\t\t\t<div class=\"elementor-element elementor-element-828322c elementor-widget elementor-widget-image\" data-id=\"828322c\" data-element_type=\"widget\" data-widget_type=\"image.default\">\n\t\t\t\t<div class=\"elementor-widget-container\">\n\t\t\t\t\t\t\t\t\t\t\t\t\t\t\t<img width=\"354\" height=\"354\" src=\"https:\/\/celinedebant.fr\/wp-content\/uploads\/2021\/12\/Assiette.png\" class=\"attachment-large size-large wp-image-2272\" alt=\"\" loading=\"lazy\" srcset=\"https:\/\/celinedebant.fr\/wp-content\/uploads\/2021\/12\/Assiette.png 354w, https:\/\/celinedebant.fr\/wp-content\/uploads\/2021\/12\/Assiette-300x300.png 300w, https:\/\/celinedebant.fr\/wp-content\/uploads\/2021\/12\/Assiette-150x150.png 150w\" sizes=\"(max-width: 354px) 100vw, 354px\" \/>\t\t\t\t\t\t\t\t\t\t\t\t\t\t\t<\/div>\n\t\t\t\t<\/div>\n\t\t\t\t\t<\/div>\n\t\t<\/div>\n\t\t\t\t\t\t\t<\/div>\n\t\t<\/section>\n\t\t\t\t<section class=\"elementor-section elementor-top-section elementor-element elementor-element-e75e99f elementor-section-boxed elementor-section-height-default elementor-section-height-default\" data-id=\"e75e99f\" data-element_type=\"section\">\n\t\t\t\t\t\t<div class=\"elementor-container elementor-column-gap-default\">\n\t\t\t\t\t<div class=\"elementor-column elementor-col-50 elementor-top-column elementor-element elementor-element-8b73065\" data-id=\"8b73065\" data-element_type=\"column\">\n\t\t\t<div class=\"elementor-widget-wrap elementor-element-populated\">\n\t\t\t\t\t\t\t\t<div class=\"elementor-element elementor-element-384e398 elementor-widget elementor-widget-heading\" data-id=\"384e398\" data-element_type=\"widget\" data-widget_type=\"heading.default\">\n\t\t\t\t<div class=\"elementor-widget-container\">\n\t\t\t<h2 class=\"elementor-heading-title elementor-size-default\">Mes conseils alimentaires par discipline<\/h2>\t\t<\/div>\n\t\t\t\t<\/div>\n\t\t\t\t<div class=\"elementor-element elementor-element-1d3019f elementor-widget elementor-widget-image\" data-id=\"1d3019f\" data-element_type=\"widget\" data-widget_type=\"image.default\">\n\t\t\t\t<div class=\"elementor-widget-container\">\n\t\t\t\t\t\t\t\t\t\t\t\t\t\t\t<img width=\"626\" height=\"417\" src=\"https:\/\/celinedebant.fr\/wp-content\/uploads\/2021\/04\/vue-dessus-du-houmous-assortiment-legumes-ruban-mesurer_23-2148562696.jpg\" class=\"attachment-medium_large size-medium_large wp-image-887\" alt=\"Perte de poids\" loading=\"lazy\" srcset=\"https:\/\/celinedebant.fr\/wp-content\/uploads\/2021\/04\/vue-dessus-du-houmous-assortiment-legumes-ruban-mesurer_23-2148562696.jpg 626w, https:\/\/celinedebant.fr\/wp-content\/uploads\/2021\/04\/vue-dessus-du-houmous-assortiment-legumes-ruban-mesurer_23-2148562696-300x200.jpg 300w\" sizes=\"(max-width: 626px) 100vw, 626px\" \/>\t\t\t\t\t\t\t\t\t\t\t\t\t\t\t<\/div>\n\t\t\t\t<\/div>\n\t\t\t\t\t<\/div>\n\t\t<\/div>\n\t\t\t\t<div class=\"elementor-column elementor-col-50 elementor-top-column elementor-element elementor-element-3ebba0f\" data-id=\"3ebba0f\" data-element_type=\"column\">\n\t\t\t<div class=\"elementor-widget-wrap elementor-element-populated\">\n\t\t\t\t\t\t\t\t<div class=\"elementor-element elementor-element-571a311 elementor-widget elementor-widget-text-editor\" data-id=\"571a311\" data-element_type=\"widget\" data-widget_type=\"text-editor.default\">\n\t\t\t\t<div class=\"elementor-widget-container\">\n\t\t\t\t\t\t\t<p class=\"\" data-start=\"1961\" data-end=\"2055\">Chaque sport sollicite le corps diff\u00e9remment, c&#8217;est pourquoi l&#8217;alimentation doit \u00eatre cibl\u00e9e :<\/p>\n<ul data-start=\"2057\" data-end=\"2686\">\n<li class=\"\" data-start=\"2057\" data-end=\"2284\">\n<p class=\"\" data-start=\"2059\" data-end=\"2284\"><strong data-start=\"2059\" data-end=\"2071\">Marathon<\/strong> : Priorit\u00e9 aux glucides complexes les jours pr\u00e9c\u00e9dents la course (p\u00e2tes compl\u00e8tes, quinoa, patate douce), hydratation renforc\u00e9e et strat\u00e9gie de ravitaillement en course (boissons \u00e9nerg\u00e9tiques, gels, fruits secs).<\/p>\n<\/li>\n<li class=\"\" data-start=\"2285\" data-end=\"2498\">\n<p class=\"\" data-start=\"2287\" data-end=\"2498\"><strong data-start=\"2287\" data-end=\"2296\">Trail<\/strong> : Pr\u00e9paration digestive essentielle (fibres mod\u00e9r\u00e9es avant course), apports r\u00e9guliers pendant l&#8217;effort (barres \u00e9nerg\u00e9tiques naturelles, pur\u00e9es de fruits), importance du sodium pour limiter les crampes.<\/p>\n<\/li>\n<li class=\"\" data-start=\"2499\" data-end=\"2686\">\n<p class=\"\" data-start=\"2501\" data-end=\"2686\"><strong data-start=\"2501\" data-end=\"2513\">Cyclisme<\/strong> : Alimentation fractionn\u00e9e avant et pendant l&#8217;effort (bananes, petits sandwiches sal\u00e9s), attention particuli\u00e8re aux apports en \u00e9lectrolytes et en prot\u00e9ines en r\u00e9cup\u00e9ration.<\/p>\n<\/li>\n<\/ul>\t\t\t\t\t\t<\/div>\n\t\t\t\t<\/div>\n\t\t\t\t\t<\/div>\n\t\t<\/div>\n\t\t\t\t\t\t\t<\/div>\n\t\t<\/section>\n\t\t\t\t<section class=\"elementor-section elementor-top-section elementor-element elementor-element-fc13e7a elementor-section-boxed elementor-section-height-default elementor-section-height-default\" data-id=\"fc13e7a\" data-element_type=\"section\">\n\t\t\t\t\t\t<div class=\"elementor-container elementor-column-gap-default\">\n\t\t\t\t\t<div class=\"elementor-column elementor-col-50 elementor-top-column elementor-element elementor-element-52d7a34\" data-id=\"52d7a34\" data-element_type=\"column\">\n\t\t\t<div class=\"elementor-widget-wrap elementor-element-populated\">\n\t\t\t\t\t\t\t\t<div class=\"elementor-element elementor-element-a21e301 elementor-widget elementor-widget-heading\" data-id=\"a21e301\" data-element_type=\"widget\" data-widget_type=\"heading.default\">\n\t\t\t\t<div class=\"elementor-widget-container\">\n\t\t\t<h2 class=\"elementor-heading-title elementor-size-default\">Avant, pendant et apr\u00e8s l'effort<\/h2>\t\t<\/div>\n\t\t\t\t<\/div>\n\t\t\t\t<div class=\"elementor-element elementor-element-fd0a73f elementor-widget elementor-widget-text-editor\" data-id=\"fd0a73f\" data-element_type=\"widget\" data-widget_type=\"text-editor.default\">\n\t\t\t\t<div class=\"elementor-widget-container\">\n\t\t\t\t\t\t\t<p class=\"\" data-start=\"2727\" data-end=\"2870\"><strong data-start=\"2727\" data-end=\"2769\">Avant l&#8217;entra\u00eenement ou la comp\u00e9tition<\/strong> : <br \/>privil\u00e9gier un repas digeste riche en glucides complexes, pauvre en mati\u00e8res grasses et en fibres.<\/p>\n<p class=\"\" data-start=\"2873\" data-end=\"3013\"><strong data-start=\"2873\" data-end=\"2893\">Pendant l&#8217;effort<\/strong> : <br \/>maintenir un apport r\u00e9gulier en glucides (30 \u00e0 60g\/heure selon la dur\u00e9e), bien s&#8217;hydrater avec des boissons adapt\u00e9es.<\/p>\n<p class=\"\" data-start=\"3016\" data-end=\"3193\"><strong data-start=\"3016\" data-end=\"3034\">Apr\u00e8s l&#8217;effort<\/strong> : <br \/>restaurer les r\u00e9serves \u00e9nerg\u00e9tiques et favoriser la r\u00e9paration musculaire avec un repas riche en glucides et prot\u00e9ines dans les 30 minutes suivant l&#8217;effort.<br \/><br \/><\/p>\t\t\t\t\t\t<\/div>\n\t\t\t\t<\/div>\n\t\t\t\t\t<\/div>\n\t\t<\/div>\n\t\t\t\t<div class=\"elementor-column elementor-col-50 elementor-top-column elementor-element elementor-element-51c4535\" data-id=\"51c4535\" data-element_type=\"column\">\n\t\t\t<div class=\"elementor-widget-wrap elementor-element-populated\">\n\t\t\t\t\t\t\t\t<div class=\"elementor-element elementor-element-5453c14 elementor-widget elementor-widget-image\" data-id=\"5453c14\" data-element_type=\"widget\" data-widget_type=\"image.default\">\n\t\t\t\t<div class=\"elementor-widget-container\">\n\t\t\t\t\t\t\t\t\t\t\t\t\t\t\t<img width=\"626\" height=\"417\" src=\"https:\/\/celinedebant.fr\/wp-content\/uploads\/2021\/04\/ImageAc-1.jpg\" class=\"attachment-medium_large size-medium_large wp-image-30\" alt=\"\" loading=\"lazy\" srcset=\"https:\/\/celinedebant.fr\/wp-content\/uploads\/2021\/04\/ImageAc-1.jpg 626w, https:\/\/celinedebant.fr\/wp-content\/uploads\/2021\/04\/ImageAc-1-300x200.jpg 300w\" sizes=\"(max-width: 626px) 100vw, 626px\" \/>\t\t\t\t\t\t\t\t\t\t\t\t\t\t\t<\/div>\n\t\t\t\t<\/div>\n\t\t\t\t\t<\/div>\n\t\t<\/div>\n\t\t\t\t\t\t\t<\/div>\n\t\t<\/section>\n\t\t\t\t<section class=\"elementor-section elementor-top-section elementor-element elementor-element-89df20b elementor-section-boxed elementor-section-height-default elementor-section-height-default\" data-id=\"89df20b\" data-element_type=\"section\">\n\t\t\t\t\t\t<div class=\"elementor-container elementor-column-gap-default\">\n\t\t\t\t\t<div class=\"elementor-column elementor-col-100 elementor-top-column elementor-element elementor-element-c85d63a\" data-id=\"c85d63a\" data-element_type=\"column\">\n\t\t\t<div class=\"elementor-widget-wrap elementor-element-populated\">\n\t\t\t\t\t\t\t\t<div class=\"elementor-element elementor-element-9948337 elementor-widget elementor-widget-html\" data-id=\"9948337\" data-element_type=\"widget\" data-widget_type=\"html.default\">\n\t\t\t\t<div class=\"elementor-widget-container\">\n\t\t\t<a \nhref=\"https:\/\/www.crenolib.fr\/prendre-rdv\/20578_micronutritionniste-a-brumath\" \nstyle=\"display: block; text-align: center; background-color: #EBB159; color: #ffffff; font-size: 15px; overflow: hidden; width: 315px; height: 50px; border-bottom-right-radius: none; border-bottom-left-radius: none; position: fixed; bottom: 0; right: 5px; z-index: 1000; border-top-left-radius: 4px; border-top-right-radius: 4px; line-height: 50px;\" \ntarget=\"_blank\" class=\"crenolib\" rel=\"noopener noreferrer\">\n<span style=\"font-size: 15px;\">RDV Cabinet & Visio - Crenolib.fr<\/span>\n<\/a>\t\t<\/div>\n\t\t\t\t<\/div>\n\t\t\t\t\t<\/div>\n\t\t<\/div>\n\t\t\t\t\t\t\t<\/div>\n\t\t<\/section>\n\t\t\t\t\t\t\t<\/div>\n\t\t","protected":false},"excerpt":{"rendered":"<p>Nutrition du sportif de haut niveau : pr\u00e9parez votre corps \u00e0 l&#8217;excellence C\u00e9line Debant, nutritionniste reconnue \u00e0 Strasbourg, vous accompagne avec des conseils personnalis\u00e9s pour chaque discipline. Avant, pendant et apr\u00e8s l&#8217;effort, elle vous aide \u00e0 comprendre les besoins sp\u00e9cifiques de votre corps (index glyc\u00e9mique, gestion du glycog\u00e8ne, \u00e9quilibre acido-basique\u2026) et \u00e0 mettre en place [&hellip;]<\/p>\n","protected":false},"author":1,"featured_media":0,"parent":0,"menu_order":0,"comment_status":"closed","ping_status":"closed","template":"","meta":[],"yoast_head":"<!-- This site is optimized with the Yoast SEO plugin v17.9 - https:\/\/yoast.com\/wordpress\/plugins\/seo\/ -->\n<title>Accompagnement sportifs - Sp\u00e9cialiste en nutrition sant\u00e9<\/title>\n<meta name=\"robots\" content=\"index, follow, max-snippet:-1, max-image-preview:large, max-video-preview:-1\" \/>\n<link rel=\"canonical\" href=\"https:\/\/celinedebant.fr\/index.php\/reflexologie-et-luminotherapie-2\/\" \/>\n<meta property=\"og:locale\" content=\"en_US\" \/>\n<meta property=\"og:type\" content=\"article\" \/>\n<meta property=\"og:title\" content=\"Accompagnement sportifs - Sp\u00e9cialiste en nutrition sant\u00e9\" \/>\n<meta property=\"og:description\" content=\"Nutrition du sportif de haut niveau : pr\u00e9parez votre corps \u00e0 l&#8217;excellence C\u00e9line Debant, nutritionniste reconnue \u00e0 Strasbourg, vous accompagne avec des conseils personnalis\u00e9s pour chaque discipline. Avant, pendant et apr\u00e8s l&#8217;effort, elle vous aide \u00e0 comprendre les besoins sp\u00e9cifiques de votre corps (index glyc\u00e9mique, gestion du glycog\u00e8ne, \u00e9quilibre acido-basique\u2026) et \u00e0 mettre en place [&hellip;]\" \/>\n<meta property=\"og:url\" content=\"https:\/\/celinedebant.fr\/index.php\/reflexologie-et-luminotherapie-2\/\" \/>\n<meta property=\"og:site_name\" content=\"Sp\u00e9cialiste en nutrition sant\u00e9\" \/>\n<meta property=\"article:modified_time\" content=\"2025-04-28T10:25:07+00:00\" \/>\n<meta property=\"og:image\" content=\"https:\/\/celinedebant.fr\/wp-content\/uploads\/2021\/12\/Assiette.png\" \/>\n<meta name=\"twitter:card\" content=\"summary_large_image\" \/>\n<meta name=\"twitter:label1\" content=\"Est. reading time\" \/>\n\t<meta name=\"twitter:data1\" content=\"3 minutes\" \/>\n<script type=\"application\/ld+json\" class=\"yoast-schema-graph\">{\"@context\":\"https:\/\/schema.org\",\"@graph\":[{\"@type\":\"WebSite\",\"@id\":\"https:\/\/celinedebant.fr\/#website\",\"url\":\"https:\/\/celinedebant.fr\/\",\"name\":\"Sp\\u00e9cialiste en nutrition sant\\u00e9\",\"description\":\"Sp\\u00e9cialiste en nutrition sant\\u00e9\",\"potentialAction\":[{\"@type\":\"SearchAction\",\"target\":{\"@type\":\"EntryPoint\",\"urlTemplate\":\"https:\/\/celinedebant.fr\/?s={search_term_string}\"},\"query-input\":\"required name=search_term_string\"}],\"inLanguage\":\"en-US\"},{\"@type\":\"ImageObject\",\"@id\":\"https:\/\/celinedebant.fr\/index.php\/reflexologie-et-luminotherapie-2\/#primaryimage\",\"inLanguage\":\"en-US\",\"url\":\"https:\/\/celinedebant.fr\/wp-content\/uploads\/2021\/12\/Assiette.png\",\"contentUrl\":\"https:\/\/celinedebant.fr\/wp-content\/uploads\/2021\/12\/Assiette.png\",\"width\":354,\"height\":354},{\"@type\":\"WebPage\",\"@id\":\"https:\/\/celinedebant.fr\/index.php\/reflexologie-et-luminotherapie-2\/#webpage\",\"url\":\"https:\/\/celinedebant.fr\/index.php\/reflexologie-et-luminotherapie-2\/\",\"name\":\"Accompagnement sportifs - Sp\\u00e9cialiste en nutrition sant\\u00e9\",\"isPartOf\":{\"@id\":\"https:\/\/celinedebant.fr\/#website\"},\"primaryImageOfPage\":{\"@id\":\"https:\/\/celinedebant.fr\/index.php\/reflexologie-et-luminotherapie-2\/#primaryimage\"},\"datePublished\":\"2025-04-28T10:17:45+00:00\",\"dateModified\":\"2025-04-28T10:25:07+00:00\",\"breadcrumb\":{\"@id\":\"https:\/\/celinedebant.fr\/index.php\/reflexologie-et-luminotherapie-2\/#breadcrumb\"},\"inLanguage\":\"en-US\",\"potentialAction\":[{\"@type\":\"ReadAction\",\"target\":[\"https:\/\/celinedebant.fr\/index.php\/reflexologie-et-luminotherapie-2\/\"]}]},{\"@type\":\"BreadcrumbList\",\"@id\":\"https:\/\/celinedebant.fr\/index.php\/reflexologie-et-luminotherapie-2\/#breadcrumb\",\"itemListElement\":[{\"@type\":\"ListItem\",\"position\":1,\"name\":\"Accueil\",\"item\":\"https:\/\/celinedebant.fr\/\"},{\"@type\":\"ListItem\",\"position\":2,\"name\":\"Accompagnement sportifs\"}]}]}<\/script>\n<!-- \/ Yoast SEO plugin. -->","yoast_head_json":{"title":"Accompagnement sportifs - Sp\u00e9cialiste en nutrition sant\u00e9","robots":{"index":"index","follow":"follow","max-snippet":"max-snippet:-1","max-image-preview":"max-image-preview:large","max-video-preview":"max-video-preview:-1"},"canonical":"https:\/\/celinedebant.fr\/index.php\/reflexologie-et-luminotherapie-2\/","og_locale":"en_US","og_type":"article","og_title":"Accompagnement sportifs - Sp\u00e9cialiste en nutrition sant\u00e9","og_description":"Nutrition du sportif de haut niveau : pr\u00e9parez votre corps \u00e0 l&#8217;excellence C\u00e9line Debant, nutritionniste reconnue \u00e0 Strasbourg, vous accompagne avec des conseils personnalis\u00e9s pour chaque discipline. Avant, pendant et apr\u00e8s l&#8217;effort, elle vous aide \u00e0 comprendre les besoins sp\u00e9cifiques de votre corps (index glyc\u00e9mique, gestion du glycog\u00e8ne, \u00e9quilibre acido-basique\u2026) et \u00e0 mettre en place [&hellip;]","og_url":"https:\/\/celinedebant.fr\/index.php\/reflexologie-et-luminotherapie-2\/","og_site_name":"Sp\u00e9cialiste en nutrition sant\u00e9","article_modified_time":"2025-04-28T10:25:07+00:00","og_image":[{"url":"https:\/\/celinedebant.fr\/wp-content\/uploads\/2021\/12\/Assiette.png"}],"twitter_card":"summary_large_image","twitter_misc":{"Est. reading time":"3 minutes"},"schema":{"@context":"https:\/\/schema.org","@graph":[{"@type":"WebSite","@id":"https:\/\/celinedebant.fr\/#website","url":"https:\/\/celinedebant.fr\/","name":"Sp\u00e9cialiste en nutrition sant\u00e9","description":"Sp\u00e9cialiste en nutrition sant\u00e9","potentialAction":[{"@type":"SearchAction","target":{"@type":"EntryPoint","urlTemplate":"https:\/\/celinedebant.fr\/?s={search_term_string}"},"query-input":"required name=search_term_string"}],"inLanguage":"en-US"},{"@type":"ImageObject","@id":"https:\/\/celinedebant.fr\/index.php\/reflexologie-et-luminotherapie-2\/#primaryimage","inLanguage":"en-US","url":"https:\/\/celinedebant.fr\/wp-content\/uploads\/2021\/12\/Assiette.png","contentUrl":"https:\/\/celinedebant.fr\/wp-content\/uploads\/2021\/12\/Assiette.png","width":354,"height":354},{"@type":"WebPage","@id":"https:\/\/celinedebant.fr\/index.php\/reflexologie-et-luminotherapie-2\/#webpage","url":"https:\/\/celinedebant.fr\/index.php\/reflexologie-et-luminotherapie-2\/","name":"Accompagnement sportifs - Sp\u00e9cialiste en nutrition sant\u00e9","isPartOf":{"@id":"https:\/\/celinedebant.fr\/#website"},"primaryImageOfPage":{"@id":"https:\/\/celinedebant.fr\/index.php\/reflexologie-et-luminotherapie-2\/#primaryimage"},"datePublished":"2025-04-28T10:17:45+00:00","dateModified":"2025-04-28T10:25:07+00:00","breadcrumb":{"@id":"https:\/\/celinedebant.fr\/index.php\/reflexologie-et-luminotherapie-2\/#breadcrumb"},"inLanguage":"en-US","potentialAction":[{"@type":"ReadAction","target":["https:\/\/celinedebant.fr\/index.php\/reflexologie-et-luminotherapie-2\/"]}]},{"@type":"BreadcrumbList","@id":"https:\/\/celinedebant.fr\/index.php\/reflexologie-et-luminotherapie-2\/#breadcrumb","itemListElement":[{"@type":"ListItem","position":1,"name":"Accueil","item":"https:\/\/celinedebant.fr\/"},{"@type":"ListItem","position":2,"name":"Accompagnement sportifs"}]}]}},"_links":{"self":[{"href":"https:\/\/celinedebant.fr\/index.php\/wp-json\/wp\/v2\/pages\/3267"}],"collection":[{"href":"https:\/\/celinedebant.fr\/index.php\/wp-json\/wp\/v2\/pages"}],"about":[{"href":"https:\/\/celinedebant.fr\/index.php\/wp-json\/wp\/v2\/types\/page"}],"author":[{"embeddable":true,"href":"https:\/\/celinedebant.fr\/index.php\/wp-json\/wp\/v2\/users\/1"}],"replies":[{"embeddable":true,"href":"https:\/\/celinedebant.fr\/index.php\/wp-json\/wp\/v2\/comments?post=3267"}],"version-history":[{"count":4,"href":"https:\/\/celinedebant.fr\/index.php\/wp-json\/wp\/v2\/pages\/3267\/revisions"}],"predecessor-version":[{"id":3271,"href":"https:\/\/celinedebant.fr\/index.php\/wp-json\/wp\/v2\/pages\/3267\/revisions\/3271"}],"wp:attachment":[{"href":"https:\/\/celinedebant.fr\/index.php\/wp-json\/wp\/v2\/media?parent=3267"}],"curies":[{"name":"wp","href":"https:\/\/api.w.org\/{rel}","templated":true}]}}