{"id":3,"date":"2021-04-13T11:15:30","date_gmt":"2021-04-13T09:15:30","guid":{"rendered":"http:\/\/celinedebant.fr\/?page_id=3"},"modified":"2021-09-17T09:14:52","modified_gmt":"2021-09-17T07:14:52","slug":"politique-de-confidentialite","status":"publish","type":"page","link":"https:\/\/celinedebant.fr\/index.php\/politique-de-confidentialite\/","title":{"rendered":"Politique de confidentialit\u00e9"},"content":{"rendered":"\n<h2>Qui sommes-nous&nbsp;?<\/h2>\n\n\n\n<p>L\u2019adresse de notre site Web est&nbsp;: http:\/\/celinedebant.fr.<\/p>\n\n\n\n<p>Le Propri\u00e9taire et responsable de la publication est :&nbsp;<strong>C\u00e9line DEBANT<\/strong><\/p>\n\n\n\n<p>Num\u00e9ro SIRET : 852274935 00018<\/p>\n\n\n\n<p>Adresse postale :&nbsp;<strong>4a Rue des Carri\u00e8res, 67170 Brumath<\/strong><\/p>\n\n\n\n<p>Mail :\u00a0<strong><a rel=\"noreferrer noopener\" href=\"mailto:nutritionsante.forme@gmail.com\" target=\"_blank\">nutritionsante.forme@gmail.com<\/a><\/strong>  <\/p>\n\n\n\n<p>Site cr\u00e9\u00e9 par :\u00a0<strong>Mathis Debant<\/strong><br>Sit\u00e9 g\u00e9r\u00e9 par : <a href=\"http:\/\/www.duplex-communication.com\" data-type=\"URL\" data-id=\"www.duplex-communication.com\">Duplex communication<\/a><br>H\u00e9bergeur :\u00a0<strong>OVH 2 rue Kellermann 59100 ROUBAIX<\/strong>\u00a0\u00a0<\/p>\n\n\n\n<h2><strong>Responsabilit\u00e9 :<\/strong><\/h2>\n\n\n\n<p>L\u2019ensemble du contenu du site est la propri\u00e9t\u00e9 exclusive de&nbsp;<strong>C\u00e9line Debant<\/strong>. Toute utilisation, reproduction, modification m\u00eame partielle de ces \u00e9l\u00e9ments est strictement interdite.<\/p>\n\n\n\n<p><strong>C\u00e9line Debant<\/strong>&nbsp;garantit que les donn\u00e9es recueillies lors de votre passage sur le site sont exclusivement destin\u00e9es \u00e0 un usage interne et ne seront en aucun cas communiqu\u00e9es \u00e0 des tiers \u00e0 des fins commerciales sans votre autorisation pr\u00e9alable.<\/p>\n\n\n\n<p>Conform\u00e9ment aux dispositions de la loi Informatique et Libert\u00e9s du 6 janvier 1978, toutes les donn\u00e9es informatiques vous concernant sont trait\u00e9es de mani\u00e8res strictement confidentielles. Vous disposez d\u2019un droit d\u2019acc\u00e8s, de rectification, et d\u2019opposition \u00e0 vos donn\u00e9es. Pour cela, il vous suffit de nous en faire la demande par email \u00e0 l\u2019adresse&nbsp;<strong><a rel=\"noreferrer noopener\" href=\"mailto:nutritionsante.forme@gmail.com\" target=\"_blank\">nutritionsante.forme@gmail.com<\/a><\/strong>&nbsp;en nous indiquant vos nom, pr\u00e9nom et adresse.<\/p>\n","protected":false},"excerpt":{"rendered":"<p>Qui sommes-nous&nbsp;? L\u2019adresse de notre site Web est&nbsp;: http:\/\/celinedebant.fr. Le Propri\u00e9taire et responsable de la publication est :&nbsp;C\u00e9line DEBANT Num\u00e9ro SIRET : 852274935 00018 Adresse postale :&nbsp;4a Rue des Carri\u00e8res, 67170 Brumath Mail :\u00a0nutritionsante.forme@gmail.com Site cr\u00e9\u00e9 par :\u00a0Mathis DebantSit\u00e9 g\u00e9r\u00e9 par : Duplex communicationH\u00e9bergeur :\u00a0OVH 2 rue Kellermann 59100 ROUBAIX\u00a0\u00a0 Responsabilit\u00e9 : L\u2019ensemble du contenu [&hellip;]<\/p>\n","protected":false},"author":1,"featured_media":0,"parent":0,"menu_order":0,"comment_status":"closed","ping_status":"open","template":"","meta":[],"yoast_head":"<!-- This site is optimized with the Yoast SEO plugin v17.9 - https:\/\/yoast.com\/wordpress\/plugins\/seo\/ -->\n<title>Politique de confidentialit\u00e9 - Sp\u00e9cialiste en nutrition sant\u00e9<\/title>\n<meta name=\"robots\" content=\"index, follow, max-snippet:-1, max-image-preview:large, max-video-preview:-1\" \/>\n<link rel=\"canonical\" href=\"https:\/\/celinedebant.fr\/index.php\/politique-de-confidentialite\/\" \/>\n<meta property=\"og:locale\" content=\"en_US\" \/>\n<meta property=\"og:type\" content=\"article\" \/>\n<meta property=\"og:title\" content=\"Politique de confidentialit\u00e9 - Sp\u00e9cialiste en nutrition sant\u00e9\" \/>\n<meta property=\"og:description\" content=\"Qui sommes-nous&nbsp;? L\u2019adresse de notre site Web est&nbsp;: http:\/\/celinedebant.fr. Le Propri\u00e9taire et responsable de la publication est :&nbsp;C\u00e9line DEBANT Num\u00e9ro SIRET : 852274935 00018 Adresse postale :&nbsp;4a Rue des Carri\u00e8res, 67170 Brumath Mail :\u00a0nutritionsante.forme@gmail.com Site cr\u00e9\u00e9 par :\u00a0Mathis DebantSit\u00e9 g\u00e9r\u00e9 par : Duplex communicationH\u00e9bergeur :\u00a0OVH 2 rue Kellermann 59100 ROUBAIX\u00a0\u00a0 Responsabilit\u00e9 : L\u2019ensemble du contenu [&hellip;]\" \/>\n<meta property=\"og:url\" content=\"https:\/\/celinedebant.fr\/index.php\/politique-de-confidentialite\/\" \/>\n<meta property=\"og:site_name\" content=\"Sp\u00e9cialiste en nutrition sant\u00e9\" \/>\n<meta property=\"article:modified_time\" content=\"2021-09-17T07:14:52+00:00\" \/>\n<meta name=\"twitter:card\" content=\"summary_large_image\" \/>\n<meta name=\"twitter:label1\" content=\"Est. reading time\" \/>\n\t<meta name=\"twitter:data1\" content=\"1 minute\" \/>\n<script type=\"application\/ld+json\" class=\"yoast-schema-graph\">{\"@context\":\"https:\/\/schema.org\",\"@graph\":[{\"@type\":\"WebSite\",\"@id\":\"https:\/\/celinedebant.fr\/#website\",\"url\":\"https:\/\/celinedebant.fr\/\",\"name\":\"Sp\\u00e9cialiste en nutrition sant\\u00e9\",\"description\":\"Sp\\u00e9cialiste en nutrition sant\\u00e9\",\"potentialAction\":[{\"@type\":\"SearchAction\",\"target\":{\"@type\":\"EntryPoint\",\"urlTemplate\":\"https:\/\/celinedebant.fr\/?s={search_term_string}\"},\"query-input\":\"required name=search_term_string\"}],\"inLanguage\":\"en-US\"},{\"@type\":\"WebPage\",\"@id\":\"https:\/\/celinedebant.fr\/index.php\/politique-de-confidentialite\/#webpage\",\"url\":\"https:\/\/celinedebant.fr\/index.php\/politique-de-confidentialite\/\",\"name\":\"Politique de confidentialit\\u00e9 - Sp\\u00e9cialiste en nutrition sant\\u00e9\",\"isPartOf\":{\"@id\":\"https:\/\/celinedebant.fr\/#website\"},\"datePublished\":\"2021-04-13T09:15:30+00:00\",\"dateModified\":\"2021-09-17T07:14:52+00:00\",\"breadcrumb\":{\"@id\":\"https:\/\/celinedebant.fr\/index.php\/politique-de-confidentialite\/#breadcrumb\"},\"inLanguage\":\"en-US\",\"potentialAction\":[{\"@type\":\"ReadAction\",\"target\":[\"https:\/\/celinedebant.fr\/index.php\/politique-de-confidentialite\/\"]}]},{\"@type\":\"BreadcrumbList\",\"@id\":\"https:\/\/celinedebant.fr\/index.php\/politique-de-confidentialite\/#breadcrumb\",\"itemListElement\":[{\"@type\":\"ListItem\",\"position\":1,\"name\":\"Accueil\",\"item\":\"https:\/\/celinedebant.fr\/\"},{\"@type\":\"ListItem\",\"position\":2,\"name\":\"Politique de confidentialit\\u00e9\"}]}]}<\/script>\n<!-- \/ Yoast SEO plugin. -->","yoast_head_json":{"title":"Politique de confidentialit\u00e9 - Sp\u00e9cialiste en nutrition sant\u00e9","robots":{"index":"index","follow":"follow","max-snippet":"max-snippet:-1","max-image-preview":"max-image-preview:large","max-video-preview":"max-video-preview:-1"},"canonical":"https:\/\/celinedebant.fr\/index.php\/politique-de-confidentialite\/","og_locale":"en_US","og_type":"article","og_title":"Politique de confidentialit\u00e9 - Sp\u00e9cialiste en nutrition sant\u00e9","og_description":"Qui sommes-nous&nbsp;? L\u2019adresse de notre site Web est&nbsp;: http:\/\/celinedebant.fr. Le Propri\u00e9taire et responsable de la publication est :&nbsp;C\u00e9line DEBANT Num\u00e9ro SIRET : 852274935 00018 Adresse postale :&nbsp;4a Rue des Carri\u00e8res, 67170 Brumath Mail :\u00a0nutritionsante.forme@gmail.com Site cr\u00e9\u00e9 par :\u00a0Mathis DebantSit\u00e9 g\u00e9r\u00e9 par : Duplex communicationH\u00e9bergeur :\u00a0OVH 2 rue Kellermann 59100 ROUBAIX\u00a0\u00a0 Responsabilit\u00e9 : L\u2019ensemble du contenu [&hellip;]","og_url":"https:\/\/celinedebant.fr\/index.php\/politique-de-confidentialite\/","og_site_name":"Sp\u00e9cialiste en nutrition sant\u00e9","article_modified_time":"2021-09-17T07:14:52+00:00","twitter_card":"summary_large_image","twitter_misc":{"Est. reading time":"1 minute"},"schema":{"@context":"https:\/\/schema.org","@graph":[{"@type":"WebSite","@id":"https:\/\/celinedebant.fr\/#website","url":"https:\/\/celinedebant.fr\/","name":"Sp\u00e9cialiste en nutrition sant\u00e9","description":"Sp\u00e9cialiste en nutrition sant\u00e9","potentialAction":[{"@type":"SearchAction","target":{"@type":"EntryPoint","urlTemplate":"https:\/\/celinedebant.fr\/?s={search_term_string}"},"query-input":"required name=search_term_string"}],"inLanguage":"en-US"},{"@type":"WebPage","@id":"https:\/\/celinedebant.fr\/index.php\/politique-de-confidentialite\/#webpage","url":"https:\/\/celinedebant.fr\/index.php\/politique-de-confidentialite\/","name":"Politique de confidentialit\u00e9 - Sp\u00e9cialiste en nutrition sant\u00e9","isPartOf":{"@id":"https:\/\/celinedebant.fr\/#website"},"datePublished":"2021-04-13T09:15:30+00:00","dateModified":"2021-09-17T07:14:52+00:00","breadcrumb":{"@id":"https:\/\/celinedebant.fr\/index.php\/politique-de-confidentialite\/#breadcrumb"},"inLanguage":"en-US","potentialAction":[{"@type":"ReadAction","target":["https:\/\/celinedebant.fr\/index.php\/politique-de-confidentialite\/"]}]},{"@type":"BreadcrumbList","@id":"https:\/\/celinedebant.fr\/index.php\/politique-de-confidentialite\/#breadcrumb","itemListElement":[{"@type":"ListItem","position":1,"name":"Accueil","item":"https:\/\/celinedebant.fr\/"},{"@type":"ListItem","position":2,"name":"Politique de confidentialit\u00e9"}]}]}},"_links":{"self":[{"href":"https:\/\/celinedebant.fr\/index.php\/wp-json\/wp\/v2\/pages\/3"}],"collection":[{"href":"https:\/\/celinedebant.fr\/index.php\/wp-json\/wp\/v2\/pages"}],"about":[{"href":"https:\/\/celinedebant.fr\/index.php\/wp-json\/wp\/v2\/types\/page"}],"author":[{"embeddable":true,"href":"https:\/\/celinedebant.fr\/index.php\/wp-json\/wp\/v2\/users\/1"}],"replies":[{"embeddable":true,"href":"https:\/\/celinedebant.fr\/index.php\/wp-json\/wp\/v2\/comments?post=3"}],"version-history":[{"count":9,"href":"https:\/\/celinedebant.fr\/index.php\/wp-json\/wp\/v2\/pages\/3\/revisions"}],"predecessor-version":[{"id":1943,"href":"https:\/\/celinedebant.fr\/index.php\/wp-json\/wp\/v2\/pages\/3\/revisions\/1943"}],"wp:attachment":[{"href":"https:\/\/celinedebant.fr\/index.php\/wp-json\/wp\/v2\/media?parent=3"}],"curies":[{"name":"wp","href":"https:\/\/api.w.org\/{rel}","templated":true}]}}