{"id":2010,"date":"2021-09-17T13:02:17","date_gmt":"2021-09-17T11:02:17","guid":{"rendered":"http:\/\/celinedebant.fr\/?page_id=2010"},"modified":"2025-04-28T13:18:41","modified_gmt":"2025-04-28T11:18:41","slug":"mes-solutions","status":"publish","type":"page","link":"https:\/\/celinedebant.fr\/index.php\/mes-solutions\/","title":{"rendered":"Mes solutions"},"content":{"rendered":"\t\t<div data-elementor-type=\"wp-page\" data-elementor-id=\"2010\" class=\"elementor elementor-2010\">\n\t\t\t\t\t\t\t\t\t<section class=\"elementor-section elementor-top-section elementor-element elementor-element-2df5a9a elementor-section-boxed elementor-section-height-default elementor-section-height-default\" data-id=\"2df5a9a\" data-element_type=\"section\">\n\t\t\t\t\t\t<div class=\"elementor-container elementor-column-gap-default\">\n\t\t\t\t\t<div class=\"elementor-column elementor-col-33 elementor-top-column elementor-element elementor-element-a7c1e7e\" data-id=\"a7c1e7e\" data-element_type=\"column\">\n\t\t\t<div class=\"elementor-widget-wrap elementor-element-populated\">\n\t\t\t\t\t\t\t\t<div class=\"elementor-element elementor-element-43d7631 elementor-widget elementor-widget-heading\" data-id=\"43d7631\" data-element_type=\"widget\" data-widget_type=\"heading.default\">\n\t\t\t\t<div class=\"elementor-widget-container\">\n\t\t\t<h2 class=\"elementor-heading-title elementor-size-default\">Mes solutions d'accompagnement<\/h2>\t\t<\/div>\n\t\t\t\t<\/div>\n\t\t\t\t<div class=\"elementor-element elementor-element-bfd2412 elementor-widget elementor-widget-text-editor\" data-id=\"bfd2412\" data-element_type=\"widget\" data-widget_type=\"text-editor.default\">\n\t\t\t\t<div class=\"elementor-widget-container\">\n\t\t\t\t\t\t\t<p>Je suis sp\u00e9cialis\u00e9e en\u00a0<strong>nutrition sant\u00e9\u00a0<\/strong>, c&#8217;est-\u00e0-dire que je prends en charge des\u00a0pathologies ou des\u00a0signes cliniques par la\u00a0<strong>nutrition et micro-nutrition.<\/strong><\/p><p>J&#8217;accompagne les personnes souffrant de maladies inflammatoires, de d\u00e9s\u00e9quilibre du microbiote, de troubles digestifs, de troubles articulaires, d&#8217;une r\u00e9sistance \u00e0 la perte de poids ou de tout autre d\u00e9s\u00e9quilibre gr\u00e2ce \u00e0 un ensemble d&#8217;outils :\u00a0analyses biologiques fonctionnelles, mesures d&#8217;imp\u00e9dancem\u00e9trie (r\u00e9partition de la masse corporelle en masse graisseuse, hydrique, osseuse&#8230;), questionnaires \u00e0 remplir, naturopathie, r\u00e9flexologie plantaire, luminoth\u00e9rapie, huiles essentielles, phytoth\u00e9rapie&#8230;<\/p><p>Ma prise en charge est\u00a0<strong>globale\u00a0<\/strong>. Je recherche l&#8217;origine de vos symptomes pour vous permettre de vous en d\u00e9barasser\u00a0<strong>d\u00e9finitivement\u00a0<\/strong>. Je peux ainsi agir aussi bien de mani\u00e8re\u00a0<strong>pr\u00e9ventive\u00a0<\/strong>que\u00a0<strong>curative\u00a0<\/strong>.\u00a0<\/p>\t\t\t\t\t\t<\/div>\n\t\t\t\t<\/div>\n\t\t\t\t\t<\/div>\n\t\t<\/div>\n\t\t\t\t<div class=\"elementor-column elementor-col-33 elementor-top-column elementor-element elementor-element-b735664\" data-id=\"b735664\" data-element_type=\"column\">\n\t\t\t<div class=\"elementor-widget-wrap\">\n\t\t\t\t\t\t\t\t\t<\/div>\n\t\t<\/div>\n\t\t\t\t<div class=\"elementor-column elementor-col-33 elementor-top-column elementor-element elementor-element-6adea1c\" data-id=\"6adea1c\" data-element_type=\"column\">\n\t\t\t<div class=\"elementor-widget-wrap elementor-element-populated\">\n\t\t\t\t\t\t\t\t<div class=\"elementor-element elementor-element-38438ee elementor-widget elementor-widget-heading\" data-id=\"38438ee\" data-element_type=\"widget\" data-widget_type=\"heading.default\">\n\t\t\t\t<div class=\"elementor-widget-container\">\n\t\t\t<h2 class=\"elementor-heading-title elementor-size-default\">Mes pratiques et m\u00e9thodes<\/h2>\t\t<\/div>\n\t\t\t\t<\/div>\n\t\t\t\t<div class=\"elementor-element elementor-element-5d42c71 elementor-widget elementor-widget-spacer\" data-id=\"5d42c71\" data-element_type=\"widget\" data-widget_type=\"spacer.default\">\n\t\t\t\t<div class=\"elementor-widget-container\">\n\t\t\t\t\t<div class=\"elementor-spacer\">\n\t\t\t<div class=\"elementor-spacer-inner\"><\/div>\n\t\t<\/div>\n\t\t\t\t<\/div>\n\t\t\t\t<\/div>\n\t\t\t\t<div class=\"elementor-element elementor-element-d067c0a elementor-align-center elementor-widget elementor-widget-button\" data-id=\"d067c0a\" data-element_type=\"widget\" data-widget_type=\"button.default\">\n\t\t\t\t<div class=\"elementor-widget-container\">\n\t\t\t\t\t<div class=\"elementor-button-wrapper\">\n\t\t\t<a href=\"https:\/\/celinedebant.fr\/index.php\/naturopathie\/\" class=\"elementor-button-link elementor-button elementor-size-xs\" role=\"button\">\n\t\t\t\t\t\t<span class=\"elementor-button-content-wrapper\">\n\t\t\t\t\t\t<span class=\"elementor-button-text\">Nutrition et micronutrition<\/span>\n\t\t<\/span>\n\t\t\t\t\t<\/a>\n\t\t<\/div>\n\t\t\t\t<\/div>\n\t\t\t\t<\/div>\n\t\t\t\t<div class=\"elementor-element elementor-element-b0d4fac elementor-align-center elementor-widget elementor-widget-button\" data-id=\"b0d4fac\" data-element_type=\"widget\" data-widget_type=\"button.default\">\n\t\t\t\t<div class=\"elementor-widget-container\">\n\t\t\t\t\t<div class=\"elementor-button-wrapper\">\n\t\t\t<a href=\"https:\/\/celinedebant.fr\/index.php\/reflexologie-et-luminotherapie-2\/\" class=\"elementor-button-link elementor-button elementor-size-xs\" role=\"button\">\n\t\t\t\t\t\t<span class=\"elementor-button-content-wrapper\">\n\t\t\t\t\t\t<span class=\"elementor-button-text\">Accompagnement sportifs<\/span>\n\t\t<\/span>\n\t\t\t\t\t<\/a>\n\t\t<\/div>\n\t\t\t\t<\/div>\n\t\t\t\t<\/div>\n\t\t\t\t<div class=\"elementor-element elementor-element-2106667 elementor-align-center elementor-widget elementor-widget-button\" data-id=\"2106667\" data-element_type=\"widget\" data-widget_type=\"button.default\">\n\t\t\t\t<div class=\"elementor-widget-container\">\n\t\t\t\t\t<div class=\"elementor-button-wrapper\">\n\t\t\t<a href=\"https:\/\/celinedebant.fr\/index.php\/impedancemetrie\/\" class=\"elementor-button-link elementor-button elementor-size-xs\" role=\"button\">\n\t\t\t\t\t\t<span class=\"elementor-button-content-wrapper\">\n\t\t\t\t\t\t<span class=\"elementor-button-text\">Bio-imp\u00e9dancem\u00e9trie<\/span>\n\t\t<\/span>\n\t\t\t\t\t<\/a>\n\t\t<\/div>\n\t\t\t\t<\/div>\n\t\t\t\t<\/div>\n\t\t\t\t<div class=\"elementor-element elementor-element-ab71f54 elementor-align-center elementor-widget elementor-widget-button\" data-id=\"ab71f54\" data-element_type=\"widget\" data-widget_type=\"button.default\">\n\t\t\t\t<div class=\"elementor-widget-container\">\n\t\t\t\t\t<div class=\"elementor-button-wrapper\">\n\t\t\t<a href=\"https:\/\/celinedebant.fr\/index.php\/analyse-biologique-fonctionnel\/\" class=\"elementor-button-link elementor-button elementor-size-xs\" role=\"button\">\n\t\t\t\t\t\t<span class=\"elementor-button-content-wrapper\">\n\t\t\t\t\t\t<span class=\"elementor-button-text\">Analyses biologiques fonctionnelles et nutritionnelles<\/span>\n\t\t<\/span>\n\t\t\t\t\t<\/a>\n\t\t<\/div>\n\t\t\t\t<\/div>\n\t\t\t\t<\/div>\n\t\t\t\t<div class=\"elementor-element elementor-element-9f447fd elementor-align-center elementor-widget elementor-widget-button\" data-id=\"9f447fd\" data-element_type=\"widget\" data-widget_type=\"button.default\">\n\t\t\t\t<div class=\"elementor-widget-container\">\n\t\t\t\t\t<div class=\"elementor-button-wrapper\">\n\t\t\t<a href=\"https:\/\/celinedebant.fr\/index.php\/reflexologie-et-luminotherapie\/\" class=\"elementor-button-link elementor-button elementor-size-xs\" role=\"button\">\n\t\t\t\t\t\t<span class=\"elementor-button-content-wrapper\">\n\t\t\t\t\t\t<span class=\"elementor-button-text\">Reflexologie plantaire et Luminoth\u00e9rapie<\/span>\n\t\t<\/span>\n\t\t\t\t\t<\/a>\n\t\t<\/div>\n\t\t\t\t<\/div>\n\t\t\t\t<\/div>\n\t\t\t\t\t<\/div>\n\t\t<\/div>\n\t\t\t\t\t\t\t<\/div>\n\t\t<\/section>\n\t\t\t\t<section class=\"elementor-section elementor-top-section elementor-element elementor-element-1d4bac0 elementor-section-boxed elementor-section-height-default elementor-section-height-default\" data-id=\"1d4bac0\" data-element_type=\"section\">\n\t\t\t\t\t\t<div class=\"elementor-container elementor-column-gap-default\">\n\t\t\t\t\t<div class=\"elementor-column elementor-col-100 elementor-top-column elementor-element elementor-element-3640c0c\" data-id=\"3640c0c\" data-element_type=\"column\">\n\t\t\t<div class=\"elementor-widget-wrap elementor-element-populated\">\n\t\t\t\t\t\t\t\t<div class=\"elementor-element elementor-element-1eb79d7 elementor-widget elementor-widget-html\" data-id=\"1eb79d7\" data-element_type=\"widget\" data-widget_type=\"html.default\">\n\t\t\t\t<div class=\"elementor-widget-container\">\n\t\t\t<a \nhref=\"https:\/\/www.crenolib.fr\/prendre-rdv\/20578_micronutritionniste-a-brumath\" \nstyle=\"display: block; text-align: center; background-color: #EBB159; color: #ffffff; font-size: 15px; overflow: hidden; width: 315px; height: 50px; border-bottom-right-radius: none; border-bottom-left-radius: none; position: fixed; bottom: 0; right: 5px; z-index: 1000; border-top-left-radius: 4px; border-top-right-radius: 4px; line-height: 50px;\" \ntarget=\"_blank\" class=\"crenolib\" rel=\"noopener noreferrer\">\n<span style=\"font-size: 15px;\">RDV Cabinet & Visio - Crenolib.fr<\/span>\n<\/a>\t\t<\/div>\n\t\t\t\t<\/div>\n\t\t\t\t\t<\/div>\n\t\t<\/div>\n\t\t\t\t\t\t\t<\/div>\n\t\t<\/section>\n\t\t\t\t\t\t\t<\/div>\n\t\t","protected":false},"excerpt":{"rendered":"<p>Mes solutions d&#8217;accompagnement Je suis sp\u00e9cialis\u00e9e en\u00a0nutrition sant\u00e9\u00a0, c&#8217;est-\u00e0-dire que je prends en charge des\u00a0pathologies ou des\u00a0signes cliniques par la\u00a0nutrition et micro-nutrition. J&#8217;accompagne les personnes souffrant de maladies inflammatoires, de d\u00e9s\u00e9quilibre du microbiote, de troubles digestifs, de troubles articulaires, d&#8217;une r\u00e9sistance \u00e0 la perte de poids ou de tout autre d\u00e9s\u00e9quilibre gr\u00e2ce \u00e0 un ensemble [&hellip;]<\/p>\n","protected":false},"author":1,"featured_media":0,"parent":0,"menu_order":0,"comment_status":"closed","ping_status":"closed","template":"","meta":[],"yoast_head":"<!-- This site is optimized with the Yoast SEO plugin v17.9 - https:\/\/yoast.com\/wordpress\/plugins\/seo\/ -->\n<title>Mes solutions - Sp\u00e9cialiste en nutrition sant\u00e9<\/title>\n<meta name=\"robots\" content=\"index, follow, max-snippet:-1, max-image-preview:large, max-video-preview:-1\" \/>\n<link rel=\"canonical\" href=\"https:\/\/celinedebant.fr\/index.php\/mes-solutions\/\" \/>\n<meta property=\"og:locale\" content=\"en_US\" \/>\n<meta property=\"og:type\" content=\"article\" \/>\n<meta property=\"og:title\" content=\"Mes solutions - Sp\u00e9cialiste en nutrition sant\u00e9\" \/>\n<meta property=\"og:description\" content=\"Mes solutions d&#8217;accompagnement Je suis sp\u00e9cialis\u00e9e en\u00a0nutrition sant\u00e9\u00a0, c&#8217;est-\u00e0-dire que je prends en charge des\u00a0pathologies ou des\u00a0signes cliniques par la\u00a0nutrition et micro-nutrition. J&#8217;accompagne les personnes souffrant de maladies inflammatoires, de d\u00e9s\u00e9quilibre du microbiote, de troubles digestifs, de troubles articulaires, d&#8217;une r\u00e9sistance \u00e0 la perte de poids ou de tout autre d\u00e9s\u00e9quilibre gr\u00e2ce \u00e0 un ensemble [&hellip;]\" \/>\n<meta property=\"og:url\" content=\"https:\/\/celinedebant.fr\/index.php\/mes-solutions\/\" \/>\n<meta property=\"og:site_name\" content=\"Sp\u00e9cialiste en nutrition sant\u00e9\" \/>\n<meta property=\"article:modified_time\" content=\"2025-04-28T11:18:41+00:00\" \/>\n<meta name=\"twitter:card\" content=\"summary_large_image\" \/>\n<meta name=\"twitter:label1\" content=\"Est. reading time\" \/>\n\t<meta name=\"twitter:data1\" content=\"1 minute\" \/>\n<script type=\"application\/ld+json\" class=\"yoast-schema-graph\">{\"@context\":\"https:\/\/schema.org\",\"@graph\":[{\"@type\":\"WebSite\",\"@id\":\"https:\/\/celinedebant.fr\/#website\",\"url\":\"https:\/\/celinedebant.fr\/\",\"name\":\"Sp\\u00e9cialiste en nutrition sant\\u00e9\",\"description\":\"Sp\\u00e9cialiste en nutrition sant\\u00e9\",\"potentialAction\":[{\"@type\":\"SearchAction\",\"target\":{\"@type\":\"EntryPoint\",\"urlTemplate\":\"https:\/\/celinedebant.fr\/?s={search_term_string}\"},\"query-input\":\"required name=search_term_string\"}],\"inLanguage\":\"en-US\"},{\"@type\":\"WebPage\",\"@id\":\"https:\/\/celinedebant.fr\/index.php\/mes-solutions\/#webpage\",\"url\":\"https:\/\/celinedebant.fr\/index.php\/mes-solutions\/\",\"name\":\"Mes solutions - Sp\\u00e9cialiste en nutrition sant\\u00e9\",\"isPartOf\":{\"@id\":\"https:\/\/celinedebant.fr\/#website\"},\"datePublished\":\"2021-09-17T11:02:17+00:00\",\"dateModified\":\"2025-04-28T11:18:41+00:00\",\"breadcrumb\":{\"@id\":\"https:\/\/celinedebant.fr\/index.php\/mes-solutions\/#breadcrumb\"},\"inLanguage\":\"en-US\",\"potentialAction\":[{\"@type\":\"ReadAction\",\"target\":[\"https:\/\/celinedebant.fr\/index.php\/mes-solutions\/\"]}]},{\"@type\":\"BreadcrumbList\",\"@id\":\"https:\/\/celinedebant.fr\/index.php\/mes-solutions\/#breadcrumb\",\"itemListElement\":[{\"@type\":\"ListItem\",\"position\":1,\"name\":\"Accueil\",\"item\":\"https:\/\/celinedebant.fr\/\"},{\"@type\":\"ListItem\",\"position\":2,\"name\":\"Mes solutions\"}]}]}<\/script>\n<!-- \/ Yoast SEO plugin. -->","yoast_head_json":{"title":"Mes solutions - Sp\u00e9cialiste en nutrition sant\u00e9","robots":{"index":"index","follow":"follow","max-snippet":"max-snippet:-1","max-image-preview":"max-image-preview:large","max-video-preview":"max-video-preview:-1"},"canonical":"https:\/\/celinedebant.fr\/index.php\/mes-solutions\/","og_locale":"en_US","og_type":"article","og_title":"Mes solutions - Sp\u00e9cialiste en nutrition sant\u00e9","og_description":"Mes solutions d&#8217;accompagnement Je suis sp\u00e9cialis\u00e9e en\u00a0nutrition sant\u00e9\u00a0, c&#8217;est-\u00e0-dire que je prends en charge des\u00a0pathologies ou des\u00a0signes cliniques par la\u00a0nutrition et micro-nutrition. J&#8217;accompagne les personnes souffrant de maladies inflammatoires, de d\u00e9s\u00e9quilibre du microbiote, de troubles digestifs, de troubles articulaires, d&#8217;une r\u00e9sistance \u00e0 la perte de poids ou de tout autre d\u00e9s\u00e9quilibre gr\u00e2ce \u00e0 un ensemble [&hellip;]","og_url":"https:\/\/celinedebant.fr\/index.php\/mes-solutions\/","og_site_name":"Sp\u00e9cialiste en nutrition sant\u00e9","article_modified_time":"2025-04-28T11:18:41+00:00","twitter_card":"summary_large_image","twitter_misc":{"Est. reading time":"1 minute"},"schema":{"@context":"https:\/\/schema.org","@graph":[{"@type":"WebSite","@id":"https:\/\/celinedebant.fr\/#website","url":"https:\/\/celinedebant.fr\/","name":"Sp\u00e9cialiste en nutrition sant\u00e9","description":"Sp\u00e9cialiste en nutrition sant\u00e9","potentialAction":[{"@type":"SearchAction","target":{"@type":"EntryPoint","urlTemplate":"https:\/\/celinedebant.fr\/?s={search_term_string}"},"query-input":"required name=search_term_string"}],"inLanguage":"en-US"},{"@type":"WebPage","@id":"https:\/\/celinedebant.fr\/index.php\/mes-solutions\/#webpage","url":"https:\/\/celinedebant.fr\/index.php\/mes-solutions\/","name":"Mes solutions - Sp\u00e9cialiste en nutrition sant\u00e9","isPartOf":{"@id":"https:\/\/celinedebant.fr\/#website"},"datePublished":"2021-09-17T11:02:17+00:00","dateModified":"2025-04-28T11:18:41+00:00","breadcrumb":{"@id":"https:\/\/celinedebant.fr\/index.php\/mes-solutions\/#breadcrumb"},"inLanguage":"en-US","potentialAction":[{"@type":"ReadAction","target":["https:\/\/celinedebant.fr\/index.php\/mes-solutions\/"]}]},{"@type":"BreadcrumbList","@id":"https:\/\/celinedebant.fr\/index.php\/mes-solutions\/#breadcrumb","itemListElement":[{"@type":"ListItem","position":1,"name":"Accueil","item":"https:\/\/celinedebant.fr\/"},{"@type":"ListItem","position":2,"name":"Mes solutions"}]}]}},"_links":{"self":[{"href":"https:\/\/celinedebant.fr\/index.php\/wp-json\/wp\/v2\/pages\/2010"}],"collection":[{"href":"https:\/\/celinedebant.fr\/index.php\/wp-json\/wp\/v2\/pages"}],"about":[{"href":"https:\/\/celinedebant.fr\/index.php\/wp-json\/wp\/v2\/types\/page"}],"author":[{"embeddable":true,"href":"https:\/\/celinedebant.fr\/index.php\/wp-json\/wp\/v2\/users\/1"}],"replies":[{"embeddable":true,"href":"https:\/\/celinedebant.fr\/index.php\/wp-json\/wp\/v2\/comments?post=2010"}],"version-history":[{"count":41,"href":"https:\/\/celinedebant.fr\/index.php\/wp-json\/wp\/v2\/pages\/2010\/revisions"}],"predecessor-version":[{"id":3281,"href":"https:\/\/celinedebant.fr\/index.php\/wp-json\/wp\/v2\/pages\/2010\/revisions\/3281"}],"wp:attachment":[{"href":"https:\/\/celinedebant.fr\/index.php\/wp-json\/wp\/v2\/media?parent=2010"}],"curies":[{"name":"wp","href":"https:\/\/api.w.org\/{rel}","templated":true}]}}