{"id":1271,"date":"2021-05-07T10:11:31","date_gmt":"2021-05-07T08:11:31","guid":{"rendered":"http:\/\/celinedebant.fr\/?page_id=1271"},"modified":"2022-11-21T15:05:33","modified_gmt":"2022-11-21T14:05:33","slug":"naturopathie","status":"publish","type":"page","link":"https:\/\/celinedebant.fr\/index.php\/naturopathie\/","title":{"rendered":"Naturopathie"},"content":{"rendered":"\t\t<div data-elementor-type=\"wp-page\" data-elementor-id=\"1271\" class=\"elementor elementor-1271\">\n\t\t\t\t\t\t\t\t\t<section class=\"elementor-section elementor-top-section elementor-element elementor-element-d8b794b elementor-section-boxed elementor-section-height-default elementor-section-height-default\" data-id=\"d8b794b\" data-element_type=\"section\">\n\t\t\t\t\t\t<div class=\"elementor-container elementor-column-gap-default\">\n\t\t\t\t\t<div class=\"elementor-column elementor-col-50 elementor-top-column elementor-element elementor-element-66abb422\" data-id=\"66abb422\" data-element_type=\"column\">\n\t\t\t<div class=\"elementor-widget-wrap elementor-element-populated\">\n\t\t\t\t\t\t\t\t<div class=\"elementor-element elementor-element-e87c6a5 elementor-widget elementor-widget-heading\" data-id=\"e87c6a5\" data-element_type=\"widget\" data-widget_type=\"heading.default\">\n\t\t\t\t<div class=\"elementor-widget-container\">\n\t\t\t<h2 class=\"elementor-heading-title elementor-size-default\">Micronutrition<\/h2>\t\t<\/div>\n\t\t\t\t<\/div>\n\t\t\t\t<div class=\"elementor-element elementor-element-3366a86b elementor-widget elementor-widget-text-editor\" data-id=\"3366a86b\" data-element_type=\"widget\" data-widget_type=\"text-editor.default\">\n\t\t\t\t<div class=\"elementor-widget-container\">\n\t\t\t\t\t\t\t<p><!-- wp:image {\"align\":\"center\",\"id\":1341,\"width\":333,\"height\":220,\"sizeSlug\":\"large\",\"linkDestination\":\"none\"} --><\/p>\n<div class=\"wp-block-image\" style=\"text-align: left;\"><strong style=\"font-size: 15px;\">Pr\u00e9vention nutritionnelle<\/strong><span style=\"font-size: 15px;\"> et accompagnement des pathologies \u00e0 composante nutritionnelle Sp\u00e9cialiste de la nutrition sant\u00e9 et physionutrition (micro-nutrition) dont la mission est autant pr\u00e9ventive que curative. <\/span><\/div>\n<div class=\"wp-block-image\" style=\"text-align: left;\"><span style=\"font-size: 15px;\">Cela limite les facteurs de <strong>risques<\/strong> : <br \/>cardiovasculaire, diab\u00e8te, cancer, troubles digestifs, probl\u00e8mes inflammatoires \u2026 et \u00e9vite les surcharges de poids en apprenant \u00e0 bien s&#8217;alimenter et \u00e0 avoir un r\u00e9gime alimentaire adapt\u00e9.<\/span><\/div>\n<p class=\"has-text-align-center\" style=\"text-align: left;\">La <strong>nutrition<\/strong> est une m\u00e9thode d&#8217;accompagnement compl\u00e8te et coh\u00e9rente qui mise avant tout sur la stimulation des m\u00e9canismes naturels d\u2019autogu\u00e9rison du corps. Les interventions du naturopathe visent en premier lieu \u00e0 activer, nourrir et renforcer ces m\u00e9canismes plut\u00f4t qu\u2019\u00e0 \u00e9liminer des sympt\u00f4mes ou \u00e0 attaquer directement des agents pathog\u00e8nes. Elles se veulent aussi douces et physiologiques.<\/p>\n<p><!-- \/wp:paragraph --><\/p>\t\t\t\t\t\t<\/div>\n\t\t\t\t<\/div>\n\t\t\t\t\t<\/div>\n\t\t<\/div>\n\t\t\t\t<div class=\"elementor-column elementor-col-50 elementor-top-column elementor-element elementor-element-b73db8d\" data-id=\"b73db8d\" data-element_type=\"column\" data-settings=\"{&quot;background_background&quot;:&quot;classic&quot;}\">\n\t\t\t<div class=\"elementor-widget-wrap elementor-element-populated\">\n\t\t\t\t\t\t\t\t<div class=\"elementor-element elementor-element-7c5c509 elementor-widget elementor-widget-spacer\" data-id=\"7c5c509\" data-element_type=\"widget\" data-widget_type=\"spacer.default\">\n\t\t\t\t<div class=\"elementor-widget-container\">\n\t\t\t\t\t<div class=\"elementor-spacer\">\n\t\t\t<div class=\"elementor-spacer-inner\"><\/div>\n\t\t<\/div>\n\t\t\t\t<\/div>\n\t\t\t\t<\/div>\n\t\t\t\t<div class=\"elementor-element elementor-element-6540779 elementor-widget elementor-widget-heading\" data-id=\"6540779\" data-element_type=\"widget\" data-widget_type=\"heading.default\">\n\t\t\t\t<div class=\"elementor-widget-container\">\n\t\t\t<h2 class=\"elementor-heading-title elementor-size-default\">Retrouver le go\u00fbt de bien manger<\/h2>\t\t<\/div>\n\t\t\t\t<\/div>\n\t\t\t\t<div class=\"elementor-element elementor-element-e6829d1 elementor-widget elementor-widget-image\" data-id=\"e6829d1\" data-element_type=\"widget\" data-widget_type=\"image.default\">\n\t\t\t\t<div class=\"elementor-widget-container\">\n\t\t\t\t\t\t\t\t\t\t\t\t\t\t\t<img width=\"354\" height=\"354\" src=\"https:\/\/celinedebant.fr\/wp-content\/uploads\/2021\/12\/Assiette.png\" class=\"attachment-large size-large wp-image-2272\" alt=\"\" loading=\"lazy\" srcset=\"https:\/\/celinedebant.fr\/wp-content\/uploads\/2021\/12\/Assiette.png 354w, https:\/\/celinedebant.fr\/wp-content\/uploads\/2021\/12\/Assiette-300x300.png 300w, https:\/\/celinedebant.fr\/wp-content\/uploads\/2021\/12\/Assiette-150x150.png 150w\" sizes=\"(max-width: 354px) 100vw, 354px\" \/>\t\t\t\t\t\t\t\t\t\t\t\t\t\t\t<\/div>\n\t\t\t\t<\/div>\n\t\t\t\t<div class=\"elementor-element elementor-element-efe9678 elementor-widget elementor-widget-text-editor\" data-id=\"efe9678\" data-element_type=\"widget\" data-widget_type=\"text-editor.default\">\n\t\t\t\t<div class=\"elementor-widget-container\">\n\t\t\t\t\t\t\t<p style=\"text-align: center;\">&#8220;On est ce que l&#8217;on mange, <br \/>ce que l&#8217;on boit et ce que l&#8217;on respire&#8221;<\/p>\t\t\t\t\t\t<\/div>\n\t\t\t\t<\/div>\n\t\t\t\t\t<\/div>\n\t\t<\/div>\n\t\t\t\t\t\t\t<\/div>\n\t\t<\/section>\n\t\t\t\t<section class=\"elementor-section elementor-top-section elementor-element elementor-element-03f19eb elementor-section-boxed elementor-section-height-default elementor-section-height-default\" data-id=\"03f19eb\" data-element_type=\"section\">\n\t\t\t\t\t\t<div class=\"elementor-container elementor-column-gap-default\">\n\t\t\t\t\t<div class=\"elementor-column elementor-col-100 elementor-top-column elementor-element elementor-element-62f14cd\" data-id=\"62f14cd\" data-element_type=\"column\">\n\t\t\t<div class=\"elementor-widget-wrap elementor-element-populated\">\n\t\t\t\t\t\t\t\t<div class=\"elementor-element elementor-element-3c70fec elementor-widget elementor-widget-html\" data-id=\"3c70fec\" data-element_type=\"widget\" data-widget_type=\"html.default\">\n\t\t\t\t<div class=\"elementor-widget-container\">\n\t\t\t<a \nhref=\"https:\/\/www.crenolib.fr\/prendre-rdv\/20578_micronutritionniste-a-brumath\" \nstyle=\"display: block; text-align: center; background-color: #EBB159; color: #ffffff; font-size: 15px; overflow: hidden; width: 315px; height: 50px; border-bottom-right-radius: none; border-bottom-left-radius: none; position: fixed; bottom: 0; right: 5px; z-index: 1000; border-top-left-radius: 4px; border-top-right-radius: 4px; line-height: 50px;\" \ntarget=\"_blank\" class=\"crenolib\" rel=\"noopener noreferrer\">\n<span style=\"font-size: 15px;\">RDV Cabinet & Visio - Crenolib.fr<\/span>\n<\/a>\t\t<\/div>\n\t\t\t\t<\/div>\n\t\t\t\t\t<\/div>\n\t\t<\/div>\n\t\t\t\t\t\t\t<\/div>\n\t\t<\/section>\n\t\t\t\t\t\t\t<\/div>\n\t\t","protected":false},"excerpt":{"rendered":"<p>Micronutrition Retrouver le go\u00fbt de bien manger &#8220;On est ce que l&#8217;on mange, ce que l&#8217;on boit et ce que l&#8217;on respire&#8221; RDV Cabinet &#038; Visio &#8211; Crenolib.fr<\/p>\n","protected":false},"author":1,"featured_media":0,"parent":0,"menu_order":0,"comment_status":"closed","ping_status":"closed","template":"","meta":[],"yoast_head":"<!-- This site is optimized with the Yoast SEO plugin v17.9 - https:\/\/yoast.com\/wordpress\/plugins\/seo\/ -->\n<title>Naturopathie - Sp\u00e9cialiste en nutrition sant\u00e9<\/title>\n<meta name=\"robots\" content=\"index, follow, max-snippet:-1, max-image-preview:large, max-video-preview:-1\" \/>\n<link rel=\"canonical\" href=\"https:\/\/celinedebant.fr\/index.php\/naturopathie\/\" \/>\n<meta property=\"og:locale\" content=\"en_US\" \/>\n<meta property=\"og:type\" content=\"article\" \/>\n<meta property=\"og:title\" content=\"Naturopathie - Sp\u00e9cialiste en nutrition sant\u00e9\" \/>\n<meta property=\"og:description\" content=\"Micronutrition Retrouver le go\u00fbt de bien manger &#8220;On est ce que l&#8217;on mange, ce que l&#8217;on boit et ce que l&#8217;on respire&#8221; RDV Cabinet &#038; Visio &#8211; Crenolib.fr\" \/>\n<meta property=\"og:url\" content=\"https:\/\/celinedebant.fr\/index.php\/naturopathie\/\" \/>\n<meta property=\"og:site_name\" content=\"Sp\u00e9cialiste en nutrition sant\u00e9\" \/>\n<meta property=\"article:modified_time\" content=\"2022-11-21T14:05:33+00:00\" \/>\n<meta property=\"og:image\" content=\"https:\/\/celinedebant.fr\/wp-content\/uploads\/2021\/12\/Assiette.png\" \/>\n<meta name=\"twitter:card\" content=\"summary_large_image\" \/>\n<meta name=\"twitter:label1\" content=\"Est. reading time\" \/>\n\t<meta name=\"twitter:data1\" content=\"1 minute\" \/>\n<script type=\"application\/ld+json\" class=\"yoast-schema-graph\">{\"@context\":\"https:\/\/schema.org\",\"@graph\":[{\"@type\":\"WebSite\",\"@id\":\"https:\/\/celinedebant.fr\/#website\",\"url\":\"https:\/\/celinedebant.fr\/\",\"name\":\"Sp\\u00e9cialiste en nutrition sant\\u00e9\",\"description\":\"Sp\\u00e9cialiste en nutrition sant\\u00e9\",\"potentialAction\":[{\"@type\":\"SearchAction\",\"target\":{\"@type\":\"EntryPoint\",\"urlTemplate\":\"https:\/\/celinedebant.fr\/?s={search_term_string}\"},\"query-input\":\"required name=search_term_string\"}],\"inLanguage\":\"en-US\"},{\"@type\":\"ImageObject\",\"@id\":\"https:\/\/celinedebant.fr\/index.php\/naturopathie\/#primaryimage\",\"inLanguage\":\"en-US\",\"url\":\"https:\/\/celinedebant.fr\/wp-content\/uploads\/2021\/12\/Assiette.png\",\"contentUrl\":\"https:\/\/celinedebant.fr\/wp-content\/uploads\/2021\/12\/Assiette.png\",\"width\":354,\"height\":354},{\"@type\":\"WebPage\",\"@id\":\"https:\/\/celinedebant.fr\/index.php\/naturopathie\/#webpage\",\"url\":\"https:\/\/celinedebant.fr\/index.php\/naturopathie\/\",\"name\":\"Naturopathie - Sp\\u00e9cialiste en nutrition sant\\u00e9\",\"isPartOf\":{\"@id\":\"https:\/\/celinedebant.fr\/#website\"},\"primaryImageOfPage\":{\"@id\":\"https:\/\/celinedebant.fr\/index.php\/naturopathie\/#primaryimage\"},\"datePublished\":\"2021-05-07T08:11:31+00:00\",\"dateModified\":\"2022-11-21T14:05:33+00:00\",\"breadcrumb\":{\"@id\":\"https:\/\/celinedebant.fr\/index.php\/naturopathie\/#breadcrumb\"},\"inLanguage\":\"en-US\",\"potentialAction\":[{\"@type\":\"ReadAction\",\"target\":[\"https:\/\/celinedebant.fr\/index.php\/naturopathie\/\"]}]},{\"@type\":\"BreadcrumbList\",\"@id\":\"https:\/\/celinedebant.fr\/index.php\/naturopathie\/#breadcrumb\",\"itemListElement\":[{\"@type\":\"ListItem\",\"position\":1,\"name\":\"Accueil\",\"item\":\"https:\/\/celinedebant.fr\/\"},{\"@type\":\"ListItem\",\"position\":2,\"name\":\"Naturopathie\"}]}]}<\/script>\n<!-- \/ Yoast SEO plugin. -->","yoast_head_json":{"title":"Naturopathie - Sp\u00e9cialiste en nutrition sant\u00e9","robots":{"index":"index","follow":"follow","max-snippet":"max-snippet:-1","max-image-preview":"max-image-preview:large","max-video-preview":"max-video-preview:-1"},"canonical":"https:\/\/celinedebant.fr\/index.php\/naturopathie\/","og_locale":"en_US","og_type":"article","og_title":"Naturopathie - Sp\u00e9cialiste en nutrition sant\u00e9","og_description":"Micronutrition Retrouver le go\u00fbt de bien manger &#8220;On est ce que l&#8217;on mange, ce que l&#8217;on boit et ce que l&#8217;on respire&#8221; RDV Cabinet &#038; Visio &#8211; Crenolib.fr","og_url":"https:\/\/celinedebant.fr\/index.php\/naturopathie\/","og_site_name":"Sp\u00e9cialiste en nutrition sant\u00e9","article_modified_time":"2022-11-21T14:05:33+00:00","og_image":[{"url":"https:\/\/celinedebant.fr\/wp-content\/uploads\/2021\/12\/Assiette.png"}],"twitter_card":"summary_large_image","twitter_misc":{"Est. reading time":"1 minute"},"schema":{"@context":"https:\/\/schema.org","@graph":[{"@type":"WebSite","@id":"https:\/\/celinedebant.fr\/#website","url":"https:\/\/celinedebant.fr\/","name":"Sp\u00e9cialiste en nutrition sant\u00e9","description":"Sp\u00e9cialiste en nutrition sant\u00e9","potentialAction":[{"@type":"SearchAction","target":{"@type":"EntryPoint","urlTemplate":"https:\/\/celinedebant.fr\/?s={search_term_string}"},"query-input":"required name=search_term_string"}],"inLanguage":"en-US"},{"@type":"ImageObject","@id":"https:\/\/celinedebant.fr\/index.php\/naturopathie\/#primaryimage","inLanguage":"en-US","url":"https:\/\/celinedebant.fr\/wp-content\/uploads\/2021\/12\/Assiette.png","contentUrl":"https:\/\/celinedebant.fr\/wp-content\/uploads\/2021\/12\/Assiette.png","width":354,"height":354},{"@type":"WebPage","@id":"https:\/\/celinedebant.fr\/index.php\/naturopathie\/#webpage","url":"https:\/\/celinedebant.fr\/index.php\/naturopathie\/","name":"Naturopathie - Sp\u00e9cialiste en nutrition sant\u00e9","isPartOf":{"@id":"https:\/\/celinedebant.fr\/#website"},"primaryImageOfPage":{"@id":"https:\/\/celinedebant.fr\/index.php\/naturopathie\/#primaryimage"},"datePublished":"2021-05-07T08:11:31+00:00","dateModified":"2022-11-21T14:05:33+00:00","breadcrumb":{"@id":"https:\/\/celinedebant.fr\/index.php\/naturopathie\/#breadcrumb"},"inLanguage":"en-US","potentialAction":[{"@type":"ReadAction","target":["https:\/\/celinedebant.fr\/index.php\/naturopathie\/"]}]},{"@type":"BreadcrumbList","@id":"https:\/\/celinedebant.fr\/index.php\/naturopathie\/#breadcrumb","itemListElement":[{"@type":"ListItem","position":1,"name":"Accueil","item":"https:\/\/celinedebant.fr\/"},{"@type":"ListItem","position":2,"name":"Naturopathie"}]}]}},"_links":{"self":[{"href":"https:\/\/celinedebant.fr\/index.php\/wp-json\/wp\/v2\/pages\/1271"}],"collection":[{"href":"https:\/\/celinedebant.fr\/index.php\/wp-json\/wp\/v2\/pages"}],"about":[{"href":"https:\/\/celinedebant.fr\/index.php\/wp-json\/wp\/v2\/types\/page"}],"author":[{"embeddable":true,"href":"https:\/\/celinedebant.fr\/index.php\/wp-json\/wp\/v2\/users\/1"}],"replies":[{"embeddable":true,"href":"https:\/\/celinedebant.fr\/index.php\/wp-json\/wp\/v2\/comments?post=1271"}],"version-history":[{"count":58,"href":"https:\/\/celinedebant.fr\/index.php\/wp-json\/wp\/v2\/pages\/1271\/revisions"}],"predecessor-version":[{"id":2508,"href":"https:\/\/celinedebant.fr\/index.php\/wp-json\/wp\/v2\/pages\/1271\/revisions\/2508"}],"wp:attachment":[{"href":"https:\/\/celinedebant.fr\/index.php\/wp-json\/wp\/v2\/media?parent=1271"}],"curies":[{"name":"wp","href":"https:\/\/api.w.org\/{rel}","templated":true}]}}