{"id":1064,"date":"2021-04-28T11:30:48","date_gmt":"2021-04-28T09:30:48","guid":{"rendered":"http:\/\/celinedebant.fr\/?page_id=1064"},"modified":"2022-11-28T14:47:12","modified_gmt":"2022-11-28T13:47:12","slug":"reflexologie-et-luminotherapie","status":"publish","type":"page","link":"https:\/\/celinedebant.fr\/index.php\/reflexologie-et-luminotherapie\/","title":{"rendered":"R\u00e9flexologie et Luminoth\u00e9rapie"},"content":{"rendered":"\t\t<div data-elementor-type=\"wp-page\" data-elementor-id=\"1064\" class=\"elementor elementor-1064\">\n\t\t\t\t\t\t\t\t\t<section class=\"elementor-section elementor-top-section elementor-element elementor-element-ef00043 elementor-section-boxed elementor-section-height-default elementor-section-height-default\" data-id=\"ef00043\" data-element_type=\"section\">\n\t\t\t\t\t\t\t<div class=\"elementor-background-overlay\"><\/div>\n\t\t\t\t\t\t\t<div class=\"elementor-container elementor-column-gap-default\">\n\t\t\t\t\t<div class=\"elementor-column elementor-col-50 elementor-top-column elementor-element elementor-element-86cbc53\" data-id=\"86cbc53\" data-element_type=\"column\" data-settings=\"{&quot;background_background&quot;:&quot;classic&quot;}\">\n\t\t\t<div class=\"elementor-widget-wrap elementor-element-populated\">\n\t\t\t\t\t\t\t\t<div class=\"elementor-element elementor-element-29302ec elementor-widget elementor-widget-spacer\" data-id=\"29302ec\" data-element_type=\"widget\" data-widget_type=\"spacer.default\">\n\t\t\t\t<div class=\"elementor-widget-container\">\n\t\t\t\t\t<div class=\"elementor-spacer\">\n\t\t\t<div class=\"elementor-spacer-inner\"><\/div>\n\t\t<\/div>\n\t\t\t\t<\/div>\n\t\t\t\t<\/div>\n\t\t\t\t<div class=\"elementor-element elementor-element-6359ffe elementor-widget elementor-widget-heading\" data-id=\"6359ffe\" data-element_type=\"widget\" data-widget_type=\"heading.default\">\n\t\t\t\t<div class=\"elementor-widget-container\">\n\t\t\t<h2 class=\"elementor-heading-title elementor-size-default\">R\u00e9flexologie plantaire<\/h2>\t\t<\/div>\n\t\t\t\t<\/div>\n\t\t\t\t<div class=\"elementor-element elementor-element-8a7ec1d elementor-widget elementor-widget-text-editor\" data-id=\"8a7ec1d\" data-element_type=\"widget\" data-widget_type=\"text-editor.default\">\n\t\t\t\t<div class=\"elementor-widget-container\">\n\t\t\t\t\t\t\t<p><strong style=\"font-size: 15px;\">La r\u00e9flexologie plantaire <\/strong><span style=\"font-size: 15px;\">est une<\/span><strong style=\"font-size: 15px;\"> technique ancestrale<\/strong><span style=\"font-size: 15px;\"> qui a pour but de<\/span><b style=\"font-size: 15px;\"> soulager<\/b><span style=\"font-size: 15px;\"> en prenant en charge les <\/span><b style=\"font-size: 15px;\">d\u00e9s\u00e9quilibres du corps<\/b><span style=\"font-size: 15px;\">, c\u2019est une m\u00e9thode souvent utilis\u00e9e <\/span><b style=\"font-size: 15px;\">en pr\u00e9vention<\/b><span style=\"font-size: 15px;\"> ou dans l\u2019<\/span><strong style=\"font-size: 15px;\">accompagnement d\u2019une pathologie<\/strong><span style=\"font-size: 15px;\">. <br \/>Cette technique de digitopression soulage le corps par le pied.<\/span><\/p>\n<p><!-- \/wp:paragraph --><!-- wp:paragraph --><\/p>\n<p><!-- \/wp:paragraph --><!-- wp:paragraph --><\/p>\n<p><span style=\"font-size: 15px;\">La r\u00e9flexologie plantaire ne se substitue en aucun cas \u00e0 un diagnostic et un suivi m\u00e9dical.<br \/><\/span><span style=\"font-size: 15px;\">Elle s\u2019int\u00e8gre en compl\u00e9ment de la m\u00e9decine conventionnelle.<\/span><\/p>\n<p><!-- \/wp:paragraph --><!-- wp:paragraph --><\/p>\n<p style=\"font-variant-ligatures: normal; font-variant-caps: normal; font-family: 'Roboto Slab'; font-size: 15px; font-style: normal; font-weight: 400;\"><span style=\"font-size: 15px; font-weight: 600;\">La r\u00e9flexologie s\u2019adresse \u00e0 toutes et \u00e0 tous<\/span>\u00a0(hommes, femmes, enfants) sans limite d\u2019\u00e2ge.<\/p>\n<p style=\"font-variant-ligatures: normal; font-variant-caps: normal; font-family: 'Roboto Slab'; font-size: 15px; font-style: normal; font-weight: 400;\">\u00a0<\/p>\n<p><strong>Les contre-indications\u00a0<\/strong><span style=\"font-size: 15px;\">:\u00a0<br \/><\/span><span style=\"font-size: 15px;\">Phl\u00e9bite, thrombose, fracture ou entorse du pied, probl\u00e8mes cardiaques r\u00e9cents, femme enceinte (3 premiers mois).<\/span><\/p>\t\t\t\t\t\t<\/div>\n\t\t\t\t<\/div>\n\t\t\t\t<div class=\"elementor-element elementor-element-e1ffd3e elementor-widget elementor-widget-spacer\" data-id=\"e1ffd3e\" data-element_type=\"widget\" data-widget_type=\"spacer.default\">\n\t\t\t\t<div class=\"elementor-widget-container\">\n\t\t\t\t\t<div class=\"elementor-spacer\">\n\t\t\t<div class=\"elementor-spacer-inner\"><\/div>\n\t\t<\/div>\n\t\t\t\t<\/div>\n\t\t\t\t<\/div>\n\t\t\t\t\t<\/div>\n\t\t<\/div>\n\t\t\t\t<div class=\"elementor-column elementor-col-50 elementor-top-column elementor-element elementor-element-617ec44\" data-id=\"617ec44\" data-element_type=\"column\">\n\t\t\t<div class=\"elementor-widget-wrap\">\n\t\t\t\t\t\t\t\t\t<\/div>\n\t\t<\/div>\n\t\t\t\t\t\t\t<\/div>\n\t\t<\/section>\n\t\t\t\t<section class=\"elementor-section elementor-top-section elementor-element elementor-element-1f703668 elementor-section-boxed elementor-section-height-default elementor-section-height-default\" data-id=\"1f703668\" data-element_type=\"section\">\n\t\t\t\t\t\t<div class=\"elementor-container elementor-column-gap-default\">\n\t\t\t\t\t<div class=\"elementor-column elementor-col-50 elementor-top-column elementor-element elementor-element-47b5527f\" data-id=\"47b5527f\" data-element_type=\"column\">\n\t\t\t<div class=\"elementor-widget-wrap elementor-element-populated\">\n\t\t\t\t\t\t\t\t<div class=\"elementor-element elementor-element-ce1ebb8 elementor-widget elementor-widget-spacer\" data-id=\"ce1ebb8\" data-element_type=\"widget\" data-widget_type=\"spacer.default\">\n\t\t\t\t<div class=\"elementor-widget-container\">\n\t\t\t\t\t<div class=\"elementor-spacer\">\n\t\t\t<div class=\"elementor-spacer-inner\"><\/div>\n\t\t<\/div>\n\t\t\t\t<\/div>\n\t\t\t\t<\/div>\n\t\t\t\t<div class=\"elementor-element elementor-element-4c7991f7 elementor-widget elementor-widget-text-editor\" data-id=\"4c7991f7\" data-element_type=\"widget\" data-widget_type=\"text-editor.default\">\n\t\t\t\t<div class=\"elementor-widget-container\">\n\t\t\t\t\t\t\t<p><!-- wp:paragraph --><\/p>\n<p><span style=\"font-size: 15px;\">Les zones r\u00e9flexes du pied sont mass\u00e9es suivant un protocole tr\u00e8s pr\u00e9cis li\u00e9 au fait que chaque partie du corps est repr\u00e9sent\u00e9e \u00e0 un endroit d\u00e9termin\u00e9 du pied, appel\u00e9 la zone r\u00e9flexe. Celle-ci est la projection en miniature de cette partie. Les tensions pr\u00e9sentes et la texture de la\u00a0<\/span>peau<span style=\"font-size: 15px;\">\u00a0indiquent les endroits sur lesquels il faudra insister. N\u00e9anmoins, pendant chaque s\u00e9ance la globalit\u00e9 des zones r\u00e9flexes sera trait\u00e9e.<\/span><\/p>\n<p><!-- \/wp:paragraph --><!-- wp:paragraph --><\/p>\n<p><!-- \/wp:paragraph --><!-- wp:paragraph --><\/p>\n<p><!-- \/wp:paragraph --><!-- wp:paragraph --><\/p>\n<p><!-- \/wp:paragraph --><\/p>\t\t\t\t\t\t<\/div>\n\t\t\t\t<\/div>\n\t\t\t\t\t<\/div>\n\t\t<\/div>\n\t\t\t\t<div class=\"elementor-column elementor-col-50 elementor-top-column elementor-element elementor-element-2d4cdc4\" data-id=\"2d4cdc4\" data-element_type=\"column\">\n\t\t\t<div class=\"elementor-widget-wrap elementor-element-populated\">\n\t\t\t\t\t\t\t\t<div class=\"elementor-element elementor-element-cd083da elementor-widget elementor-widget-spacer\" data-id=\"cd083da\" data-element_type=\"widget\" data-widget_type=\"spacer.default\">\n\t\t\t\t<div class=\"elementor-widget-container\">\n\t\t\t\t\t<div class=\"elementor-spacer\">\n\t\t\t<div class=\"elementor-spacer-inner\"><\/div>\n\t\t<\/div>\n\t\t\t\t<\/div>\n\t\t\t\t<\/div>\n\t\t\t\t<div class=\"elementor-element elementor-element-828322c elementor-widget elementor-widget-image\" data-id=\"828322c\" data-element_type=\"widget\" data-widget_type=\"image.default\">\n\t\t\t\t<div class=\"elementor-widget-container\">\n\t\t\t\t\t\t\t\t\t\t\t\t\t\t\t<img width=\"1024\" height=\"659\" src=\"https:\/\/celinedebant.fr\/wp-content\/uploads\/2021\/05\/reflexologie-plantaire-a-houilles-1024x659.jpg\" class=\"attachment-large size-large wp-image-1267\" alt=\"\" loading=\"lazy\" srcset=\"https:\/\/celinedebant.fr\/wp-content\/uploads\/2021\/05\/reflexologie-plantaire-a-houilles-1024x659.jpg 1024w, https:\/\/celinedebant.fr\/wp-content\/uploads\/2021\/05\/reflexologie-plantaire-a-houilles-300x193.jpg 300w, https:\/\/celinedebant.fr\/wp-content\/uploads\/2021\/05\/reflexologie-plantaire-a-houilles-768x494.jpg 768w, https:\/\/celinedebant.fr\/wp-content\/uploads\/2021\/05\/reflexologie-plantaire-a-houilles-1536x989.jpg 1536w, https:\/\/celinedebant.fr\/wp-content\/uploads\/2021\/05\/reflexologie-plantaire-a-houilles-2048x1319.jpg 2048w\" sizes=\"(max-width: 1024px) 100vw, 1024px\" \/>\t\t\t\t\t\t\t\t\t\t\t\t\t\t\t<\/div>\n\t\t\t\t<\/div>\n\t\t\t\t\t<\/div>\n\t\t<\/div>\n\t\t\t\t\t\t\t<\/div>\n\t\t<\/section>\n\t\t\t\t<section class=\"elementor-section elementor-top-section elementor-element elementor-element-bb1063a elementor-section-boxed elementor-section-height-default elementor-section-height-default\" data-id=\"bb1063a\" data-element_type=\"section\">\n\t\t\t\t\t\t<div class=\"elementor-container elementor-column-gap-default\">\n\t\t\t\t\t<div class=\"elementor-column elementor-col-100 elementor-top-column elementor-element elementor-element-a5dbe79\" data-id=\"a5dbe79\" data-element_type=\"column\">\n\t\t\t<div class=\"elementor-widget-wrap elementor-element-populated\">\n\t\t\t\t\t\t\t\t<div class=\"elementor-element elementor-element-2929ace elementor-widget elementor-widget-spacer\" data-id=\"2929ace\" data-element_type=\"widget\" data-widget_type=\"spacer.default\">\n\t\t\t\t<div class=\"elementor-widget-container\">\n\t\t\t\t\t<div class=\"elementor-spacer\">\n\t\t\t<div class=\"elementor-spacer-inner\"><\/div>\n\t\t<\/div>\n\t\t\t\t<\/div>\n\t\t\t\t<\/div>\n\t\t\t\t\t<\/div>\n\t\t<\/div>\n\t\t\t\t\t\t\t<\/div>\n\t\t<\/section>\n\t\t\t\t<section class=\"elementor-section elementor-top-section elementor-element elementor-element-e75e99f elementor-section-boxed elementor-section-height-default elementor-section-height-default\" data-id=\"e75e99f\" data-element_type=\"section\">\n\t\t\t\t\t\t<div class=\"elementor-container elementor-column-gap-default\">\n\t\t\t\t\t<div class=\"elementor-column elementor-col-50 elementor-top-column elementor-element elementor-element-8b73065\" data-id=\"8b73065\" data-element_type=\"column\">\n\t\t\t<div class=\"elementor-widget-wrap elementor-element-populated\">\n\t\t\t\t\t\t\t\t<div class=\"elementor-element elementor-element-384e398 elementor-widget elementor-widget-heading\" data-id=\"384e398\" data-element_type=\"widget\" data-widget_type=\"heading.default\">\n\t\t\t\t<div class=\"elementor-widget-container\">\n\t\t\t<h2 class=\"elementor-heading-title elementor-size-default\">La luminoth\u00e9rapie<\/h2>\t\t<\/div>\n\t\t\t\t<\/div>\n\t\t\t\t<div class=\"elementor-element elementor-element-1d3019f elementor-widget elementor-widget-image\" data-id=\"1d3019f\" data-element_type=\"widget\" data-widget_type=\"image.default\">\n\t\t\t\t<div class=\"elementor-widget-container\">\n\t\t\t\t\t\t\t\t\t\t\t\t\t\t\t<img width=\"768\" height=\"512\" src=\"https:\/\/celinedebant.fr\/wp-content\/uploads\/2021\/04\/Cabinet-Reflexo-1-1-768x512.jpeg\" class=\"attachment-medium_large size-medium_large wp-image-931\" alt=\"\" loading=\"lazy\" srcset=\"https:\/\/celinedebant.fr\/wp-content\/uploads\/2021\/04\/Cabinet-Reflexo-1-1-768x512.jpeg 768w, https:\/\/celinedebant.fr\/wp-content\/uploads\/2021\/04\/Cabinet-Reflexo-1-1-300x200.jpeg 300w, https:\/\/celinedebant.fr\/wp-content\/uploads\/2021\/04\/Cabinet-Reflexo-1-1-1024x683.jpeg 1024w, https:\/\/celinedebant.fr\/wp-content\/uploads\/2021\/04\/Cabinet-Reflexo-1-1-1536x1024.jpeg 1536w, https:\/\/celinedebant.fr\/wp-content\/uploads\/2021\/04\/Cabinet-Reflexo-1-1-2048x1365.jpeg 2048w\" sizes=\"(max-width: 768px) 100vw, 768px\" \/>\t\t\t\t\t\t\t\t\t\t\t\t\t\t\t<\/div>\n\t\t\t\t<\/div>\n\t\t\t\t\t<\/div>\n\t\t<\/div>\n\t\t\t\t<div class=\"elementor-column elementor-col-50 elementor-top-column elementor-element elementor-element-3ebba0f\" data-id=\"3ebba0f\" data-element_type=\"column\">\n\t\t\t<div class=\"elementor-widget-wrap elementor-element-populated\">\n\t\t\t\t\t\t\t\t<div class=\"elementor-element elementor-element-571a311 elementor-widget elementor-widget-text-editor\" data-id=\"571a311\" data-element_type=\"widget\" data-widget_type=\"text-editor.default\">\n\t\t\t\t<div class=\"elementor-widget-container\">\n\t\t\t\t\t\t\t<p><span style=\"font-size: 15px;\">En hiver, mais aussi de mani\u00e8re g\u00e9n\u00e9rale, parce que le mode de vie est pass\u00e9 d&#8217;une vie \u00e0 l&#8217;ext\u00e9rieur \u00e0 une vie \u00e0 l&#8217;int\u00e9rieur, la quantit\u00e9 de lumi\u00e8re que nous recevons peut s&#8217;av\u00e9rer insuffisante. Et m\u00eame quand il y a du soleil, les lunettes de soleil sont utilis\u00e9es pour diminuer encore cet approvisionnement \u00e9nerg\u00e9tique de base. Les recherches montrent que jusqu&#8217;\u00e0 20 % de la population souffre d&#8217;un manque de lumi\u00e8re.<\/span><\/p>\n<div><span style=\"font-size: 15px;\">S&#8217;en suivent alors une\u00a0<\/span><strong style=\"font-size: 15px;\">tendance \u00e0 d\u00e9primer<\/strong><span style=\"font-size: 15px;\">\u00a0et des\u00a0<\/span><strong style=\"font-size: 15px;\">probl\u00e8mes de sommeil<\/strong><span style=\"font-size: 15px;\">. En effet, l&#8217;effet b\u00e9n\u00e9fique de la lumi\u00e8re est li\u00e9 \u00e0 son influence directe sur la s\u00e9cr\u00e9tion de la m\u00e9latonine (aussi appel\u00e9e hormone du sommeil) et d&#8217;un neurotransmetteur, la s\u00e9rotonine (ayant une forte action sur la bonne humeur).\u00a0<\/span><\/div>\n<div>\u00a0<\/div>\n<div><strong>Globalement<\/strong>, la lumi\u00e8re arr\u00eate la s\u00e9cr\u00e9tion de la m\u00e9latonine, ce qui facilite le r\u00e9veil matinal, procure de l&#8217;\u00e9nergie et assure une meilleure vigilance tout au long de la journ\u00e9e.<\/div>\n<div style=\"color: #222222; font-family: Arial, Helvetica, sans-serif; font-size: small; font-style: normal; font-variant-ligatures: normal; font-variant-caps: normal; font-weight: 400;\">\u00a0<\/div>\t\t\t\t\t\t<\/div>\n\t\t\t\t<\/div>\n\t\t\t\t\t<\/div>\n\t\t<\/div>\n\t\t\t\t\t\t\t<\/div>\n\t\t<\/section>\n\t\t\t\t<section class=\"elementor-section elementor-top-section elementor-element elementor-element-89df20b elementor-section-boxed elementor-section-height-default elementor-section-height-default\" data-id=\"89df20b\" data-element_type=\"section\">\n\t\t\t\t\t\t<div class=\"elementor-container elementor-column-gap-default\">\n\t\t\t\t\t<div class=\"elementor-column elementor-col-100 elementor-top-column elementor-element elementor-element-c85d63a\" data-id=\"c85d63a\" data-element_type=\"column\">\n\t\t\t<div class=\"elementor-widget-wrap elementor-element-populated\">\n\t\t\t\t\t\t\t\t<div class=\"elementor-element elementor-element-9948337 elementor-widget elementor-widget-html\" data-id=\"9948337\" data-element_type=\"widget\" data-widget_type=\"html.default\">\n\t\t\t\t<div class=\"elementor-widget-container\">\n\t\t\t<a \nhref=\"https:\/\/www.crenolib.fr\/prendre-rdv\/20578_micronutritionniste-a-brumath\" \nstyle=\"display: block; text-align: center; background-color: #EBB159; color: #ffffff; font-size: 15px; overflow: hidden; width: 315px; height: 50px; border-bottom-right-radius: none; border-bottom-left-radius: none; position: fixed; bottom: 0; right: 5px; z-index: 1000; border-top-left-radius: 4px; border-top-right-radius: 4px; line-height: 50px;\" \ntarget=\"_blank\" class=\"crenolib\" rel=\"noopener noreferrer\">\n<span style=\"font-size: 15px;\">RDV Cabinet & Visio - Crenolib.fr<\/span>\n<\/a>\t\t<\/div>\n\t\t\t\t<\/div>\n\t\t\t\t\t<\/div>\n\t\t<\/div>\n\t\t\t\t\t\t\t<\/div>\n\t\t<\/section>\n\t\t\t\t\t\t\t<\/div>\n\t\t","protected":false},"excerpt":{"rendered":"<p>R\u00e9flexologie plantaire La r\u00e9flexologie plantaire est une technique ancestrale qui a pour but de soulager en prenant en charge les d\u00e9s\u00e9quilibres du corps, c\u2019est une m\u00e9thode souvent utilis\u00e9e en pr\u00e9vention ou dans l\u2019accompagnement d\u2019une pathologie. Cette technique de digitopression soulage le corps par le pied. La r\u00e9flexologie plantaire ne se substitue en aucun cas \u00e0 [&hellip;]<\/p>\n","protected":false},"author":1,"featured_media":0,"parent":0,"menu_order":0,"comment_status":"closed","ping_status":"closed","template":"","meta":[],"yoast_head":"<!-- This site is optimized with the Yoast SEO plugin v17.9 - https:\/\/yoast.com\/wordpress\/plugins\/seo\/ -->\n<title>R\u00e9flexologie et Luminoth\u00e9rapie - Sp\u00e9cialiste en nutrition sant\u00e9<\/title>\n<meta name=\"robots\" content=\"index, follow, max-snippet:-1, max-image-preview:large, max-video-preview:-1\" \/>\n<link rel=\"canonical\" href=\"https:\/\/celinedebant.fr\/index.php\/reflexologie-et-luminotherapie\/\" \/>\n<meta property=\"og:locale\" content=\"en_US\" \/>\n<meta property=\"og:type\" content=\"article\" \/>\n<meta property=\"og:title\" content=\"R\u00e9flexologie et Luminoth\u00e9rapie - Sp\u00e9cialiste en nutrition sant\u00e9\" \/>\n<meta property=\"og:description\" content=\"R\u00e9flexologie plantaire La r\u00e9flexologie plantaire est une technique ancestrale qui a pour but de soulager en prenant en charge les d\u00e9s\u00e9quilibres du corps, c\u2019est une m\u00e9thode souvent utilis\u00e9e en pr\u00e9vention ou dans l\u2019accompagnement d\u2019une pathologie. Cette technique de digitopression soulage le corps par le pied. La r\u00e9flexologie plantaire ne se substitue en aucun cas \u00e0 [&hellip;]\" \/>\n<meta property=\"og:url\" content=\"https:\/\/celinedebant.fr\/index.php\/reflexologie-et-luminotherapie\/\" \/>\n<meta property=\"og:site_name\" content=\"Sp\u00e9cialiste en nutrition sant\u00e9\" \/>\n<meta property=\"article:modified_time\" content=\"2022-11-28T13:47:12+00:00\" \/>\n<meta property=\"og:image\" content=\"https:\/\/celinedebant.fr\/wp-content\/uploads\/2021\/05\/reflexologie-plantaire-a-houilles-1024x659.jpg\" \/>\n<meta name=\"twitter:card\" content=\"summary_large_image\" \/>\n<meta name=\"twitter:label1\" content=\"Est. reading time\" \/>\n\t<meta name=\"twitter:data1\" content=\"2 minutes\" \/>\n<script type=\"application\/ld+json\" class=\"yoast-schema-graph\">{\"@context\":\"https:\/\/schema.org\",\"@graph\":[{\"@type\":\"WebSite\",\"@id\":\"https:\/\/celinedebant.fr\/#website\",\"url\":\"https:\/\/celinedebant.fr\/\",\"name\":\"Sp\\u00e9cialiste en nutrition sant\\u00e9\",\"description\":\"Sp\\u00e9cialiste en nutrition sant\\u00e9\",\"potentialAction\":[{\"@type\":\"SearchAction\",\"target\":{\"@type\":\"EntryPoint\",\"urlTemplate\":\"https:\/\/celinedebant.fr\/?s={search_term_string}\"},\"query-input\":\"required name=search_term_string\"}],\"inLanguage\":\"en-US\"},{\"@type\":\"ImageObject\",\"@id\":\"https:\/\/celinedebant.fr\/index.php\/reflexologie-et-luminotherapie\/#primaryimage\",\"inLanguage\":\"en-US\",\"url\":\"https:\/\/celinedebant.fr\/wp-content\/uploads\/2021\/05\/reflexologie-plantaire-a-houilles-1024x659.jpg\",\"contentUrl\":\"https:\/\/celinedebant.fr\/wp-content\/uploads\/2021\/05\/reflexologie-plantaire-a-houilles-1024x659.jpg\"},{\"@type\":\"WebPage\",\"@id\":\"https:\/\/celinedebant.fr\/index.php\/reflexologie-et-luminotherapie\/#webpage\",\"url\":\"https:\/\/celinedebant.fr\/index.php\/reflexologie-et-luminotherapie\/\",\"name\":\"R\\u00e9flexologie et Luminoth\\u00e9rapie - Sp\\u00e9cialiste en nutrition sant\\u00e9\",\"isPartOf\":{\"@id\":\"https:\/\/celinedebant.fr\/#website\"},\"primaryImageOfPage\":{\"@id\":\"https:\/\/celinedebant.fr\/index.php\/reflexologie-et-luminotherapie\/#primaryimage\"},\"datePublished\":\"2021-04-28T09:30:48+00:00\",\"dateModified\":\"2022-11-28T13:47:12+00:00\",\"breadcrumb\":{\"@id\":\"https:\/\/celinedebant.fr\/index.php\/reflexologie-et-luminotherapie\/#breadcrumb\"},\"inLanguage\":\"en-US\",\"potentialAction\":[{\"@type\":\"ReadAction\",\"target\":[\"https:\/\/celinedebant.fr\/index.php\/reflexologie-et-luminotherapie\/\"]}]},{\"@type\":\"BreadcrumbList\",\"@id\":\"https:\/\/celinedebant.fr\/index.php\/reflexologie-et-luminotherapie\/#breadcrumb\",\"itemListElement\":[{\"@type\":\"ListItem\",\"position\":1,\"name\":\"Accueil\",\"item\":\"https:\/\/celinedebant.fr\/\"},{\"@type\":\"ListItem\",\"position\":2,\"name\":\"R\\u00e9flexologie et Luminoth\\u00e9rapie\"}]}]}<\/script>\n<!-- \/ Yoast SEO plugin. -->","yoast_head_json":{"title":"R\u00e9flexologie et Luminoth\u00e9rapie - Sp\u00e9cialiste en nutrition sant\u00e9","robots":{"index":"index","follow":"follow","max-snippet":"max-snippet:-1","max-image-preview":"max-image-preview:large","max-video-preview":"max-video-preview:-1"},"canonical":"https:\/\/celinedebant.fr\/index.php\/reflexologie-et-luminotherapie\/","og_locale":"en_US","og_type":"article","og_title":"R\u00e9flexologie et Luminoth\u00e9rapie - Sp\u00e9cialiste en nutrition sant\u00e9","og_description":"R\u00e9flexologie plantaire La r\u00e9flexologie plantaire est une technique ancestrale qui a pour but de soulager en prenant en charge les d\u00e9s\u00e9quilibres du corps, c\u2019est une m\u00e9thode souvent utilis\u00e9e en pr\u00e9vention ou dans l\u2019accompagnement d\u2019une pathologie. Cette technique de digitopression soulage le corps par le pied. La r\u00e9flexologie plantaire ne se substitue en aucun cas \u00e0 [&hellip;]","og_url":"https:\/\/celinedebant.fr\/index.php\/reflexologie-et-luminotherapie\/","og_site_name":"Sp\u00e9cialiste en nutrition sant\u00e9","article_modified_time":"2022-11-28T13:47:12+00:00","og_image":[{"url":"https:\/\/celinedebant.fr\/wp-content\/uploads\/2021\/05\/reflexologie-plantaire-a-houilles-1024x659.jpg"}],"twitter_card":"summary_large_image","twitter_misc":{"Est. reading time":"2 minutes"},"schema":{"@context":"https:\/\/schema.org","@graph":[{"@type":"WebSite","@id":"https:\/\/celinedebant.fr\/#website","url":"https:\/\/celinedebant.fr\/","name":"Sp\u00e9cialiste en nutrition sant\u00e9","description":"Sp\u00e9cialiste en nutrition sant\u00e9","potentialAction":[{"@type":"SearchAction","target":{"@type":"EntryPoint","urlTemplate":"https:\/\/celinedebant.fr\/?s={search_term_string}"},"query-input":"required name=search_term_string"}],"inLanguage":"en-US"},{"@type":"ImageObject","@id":"https:\/\/celinedebant.fr\/index.php\/reflexologie-et-luminotherapie\/#primaryimage","inLanguage":"en-US","url":"https:\/\/celinedebant.fr\/wp-content\/uploads\/2021\/05\/reflexologie-plantaire-a-houilles-1024x659.jpg","contentUrl":"https:\/\/celinedebant.fr\/wp-content\/uploads\/2021\/05\/reflexologie-plantaire-a-houilles-1024x659.jpg"},{"@type":"WebPage","@id":"https:\/\/celinedebant.fr\/index.php\/reflexologie-et-luminotherapie\/#webpage","url":"https:\/\/celinedebant.fr\/index.php\/reflexologie-et-luminotherapie\/","name":"R\u00e9flexologie et Luminoth\u00e9rapie - Sp\u00e9cialiste en nutrition sant\u00e9","isPartOf":{"@id":"https:\/\/celinedebant.fr\/#website"},"primaryImageOfPage":{"@id":"https:\/\/celinedebant.fr\/index.php\/reflexologie-et-luminotherapie\/#primaryimage"},"datePublished":"2021-04-28T09:30:48+00:00","dateModified":"2022-11-28T13:47:12+00:00","breadcrumb":{"@id":"https:\/\/celinedebant.fr\/index.php\/reflexologie-et-luminotherapie\/#breadcrumb"},"inLanguage":"en-US","potentialAction":[{"@type":"ReadAction","target":["https:\/\/celinedebant.fr\/index.php\/reflexologie-et-luminotherapie\/"]}]},{"@type":"BreadcrumbList","@id":"https:\/\/celinedebant.fr\/index.php\/reflexologie-et-luminotherapie\/#breadcrumb","itemListElement":[{"@type":"ListItem","position":1,"name":"Accueil","item":"https:\/\/celinedebant.fr\/"},{"@type":"ListItem","position":2,"name":"R\u00e9flexologie et Luminoth\u00e9rapie"}]}]}},"_links":{"self":[{"href":"https:\/\/celinedebant.fr\/index.php\/wp-json\/wp\/v2\/pages\/1064"}],"collection":[{"href":"https:\/\/celinedebant.fr\/index.php\/wp-json\/wp\/v2\/pages"}],"about":[{"href":"https:\/\/celinedebant.fr\/index.php\/wp-json\/wp\/v2\/types\/page"}],"author":[{"embeddable":true,"href":"https:\/\/celinedebant.fr\/index.php\/wp-json\/wp\/v2\/users\/1"}],"replies":[{"embeddable":true,"href":"https:\/\/celinedebant.fr\/index.php\/wp-json\/wp\/v2\/comments?post=1064"}],"version-history":[{"count":71,"href":"https:\/\/celinedebant.fr\/index.php\/wp-json\/wp\/v2\/pages\/1064\/revisions"}],"predecessor-version":[{"id":3090,"href":"https:\/\/celinedebant.fr\/index.php\/wp-json\/wp\/v2\/pages\/1064\/revisions\/3090"}],"wp:attachment":[{"href":"https:\/\/celinedebant.fr\/index.php\/wp-json\/wp\/v2\/media?parent=1064"}],"curies":[{"name":"wp","href":"https:\/\/api.w.org\/{rel}","templated":true}]}}