{"id":1040,"date":"2021-04-28T10:47:06","date_gmt":"2021-04-28T08:47:06","guid":{"rendered":"http:\/\/celinedebant.fr\/?page_id=1040"},"modified":"2022-11-21T11:35:16","modified_gmt":"2022-11-21T10:35:16","slug":"impedancemetrie","status":"publish","type":"page","link":"https:\/\/celinedebant.fr\/index.php\/impedancemetrie\/","title":{"rendered":"Bio-imp\u00e9dancem\u00e9trie"},"content":{"rendered":"\t\t<div data-elementor-type=\"wp-page\" data-elementor-id=\"1040\" class=\"elementor elementor-1040\">\n\t\t\t\t\t\t\t\t\t<section class=\"elementor-section elementor-top-section elementor-element elementor-element-2fcab65f elementor-section-boxed elementor-section-height-default elementor-section-height-default\" data-id=\"2fcab65f\" data-element_type=\"section\">\n\t\t\t\t\t\t<div class=\"elementor-container elementor-column-gap-default\">\n\t\t\t\t\t<div class=\"elementor-column elementor-col-50 elementor-top-column elementor-element elementor-element-19fa30f5\" data-id=\"19fa30f5\" data-element_type=\"column\">\n\t\t\t<div class=\"elementor-widget-wrap elementor-element-populated\">\n\t\t\t\t\t\t\t\t<div class=\"elementor-element elementor-element-c7686a3 elementor-widget elementor-widget-heading\" data-id=\"c7686a3\" data-element_type=\"widget\" data-widget_type=\"heading.default\">\n\t\t\t\t<div class=\"elementor-widget-container\">\n\t\t\t<h2 class=\"elementor-heading-title elementor-size-default\">Bio-imp\u00e9dancem\u00e9trie<\/h2>\t\t<\/div>\n\t\t\t\t<\/div>\n\t\t\t\t<div class=\"elementor-element elementor-element-98437e1 elementor-widget elementor-widget-text-editor\" data-id=\"98437e1\" data-element_type=\"widget\" data-widget_type=\"text-editor.default\">\n\t\t\t\t<div class=\"elementor-widget-container\">\n\t\t\t\t\t\t\t<p>La\u00a0<b>bio-imp\u00e9dancem\u00e9trie multifr\u00e9quence<\/b>\u00a0permet d&#8217;obtenir une photographie de votre composition corporelle pour visualiser votre masse grasse, maigre et osseuse, ainsi que de nombreux param\u00e8tres de votre condition physique.<\/p>\n<p>Elle s&#8217;adresse \u00e0 toutes personnes d\u00e9sireuses de <b>perdre du poids<\/b>, ayant des <strong>probl\u00e8mes de troubles digestifs<\/strong> et aux<b> sportifs<\/b>\u00a0en recherche de performances.<\/p>\t\t\t\t\t\t<\/div>\n\t\t\t\t<\/div>\n\t\t\t\t<div class=\"elementor-element elementor-element-5a774e9d elementor-widget elementor-widget-text-editor\" data-id=\"5a774e9d\" data-element_type=\"widget\" data-widget_type=\"text-editor.default\">\n\t\t\t\t<div class=\"elementor-widget-container\">\n\t\t\t\t\t\t\t<p><!-- wp:paragraph --><\/p>\n<p><span style=\"font-size: 15px;\">Les avantages de la bio-imp\u00e9dancem\u00e9trie multifr\u00e9quence sont :<\/span><\/p>\n<p><!-- \/wp:paragraph --><\/p>\n<p><!-- wp:list --><\/p>\n<ul>\n<li><b>la masse grasse<\/b><\/li>\n<li><b>la masse osseuse<\/b><\/li>\n<li><b>l&#8217;IMC <\/b>(indice de masse corporel)<\/li>\n<li><b>l&#8217;hydratation <\/b>avec<b> l&#8217;eau globale<\/b>, ainsi que <b>l&#8217;eau intra et extra-cellulaire<\/b><\/li>\n<li>Elle est <b>s\u00fbre<\/b>, <b>non invasive<\/b> et <b>rapide<\/b><\/li>\n<li>Elle est <b>pr\u00e9cise et pertinente<\/b><\/li>\n<\/ul>\n<div>\u00a0<\/div>\n<p><!-- \/wp:list --><\/p>\t\t\t\t\t\t<\/div>\n\t\t\t\t<\/div>\n\t\t\t\t\t<\/div>\n\t\t<\/div>\n\t\t\t\t<div class=\"elementor-column elementor-col-50 elementor-top-column elementor-element elementor-element-24194c6\" data-id=\"24194c6\" data-element_type=\"column\">\n\t\t\t<div class=\"elementor-widget-wrap elementor-element-populated\">\n\t\t\t\t\t\t\t\t<div class=\"elementor-element elementor-element-1cfecaa elementor-widget elementor-widget-image\" data-id=\"1cfecaa\" data-element_type=\"widget\" data-widget_type=\"image.default\">\n\t\t\t\t<div class=\"elementor-widget-container\">\n\t\t\t\t\t\t\t\t\t\t\t\t\t\t\t<img width=\"391\" height=\"414\" src=\"https:\/\/celinedebant.fr\/wp-content\/uploads\/2021\/05\/impe.png\" class=\"attachment-large size-large wp-image-1236\" alt=\"\" loading=\"lazy\" srcset=\"https:\/\/celinedebant.fr\/wp-content\/uploads\/2021\/05\/impe.png 391w, https:\/\/celinedebant.fr\/wp-content\/uploads\/2021\/05\/impe-283x300.png 283w, https:\/\/celinedebant.fr\/wp-content\/uploads\/2021\/05\/impe-330x350.png 330w\" sizes=\"(max-width: 391px) 100vw, 391px\" \/>\t\t\t\t\t\t\t\t\t\t\t\t\t\t\t<\/div>\n\t\t\t\t<\/div>\n\t\t\t\t\t<\/div>\n\t\t<\/div>\n\t\t\t\t\t\t\t<\/div>\n\t\t<\/section>\n\t\t\t\t<section class=\"elementor-section elementor-top-section elementor-element elementor-element-0a849d2 elementor-section-boxed elementor-section-height-default elementor-section-height-default\" data-id=\"0a849d2\" data-element_type=\"section\">\n\t\t\t\t\t\t<div class=\"elementor-container elementor-column-gap-default\">\n\t\t\t\t\t<div class=\"elementor-column elementor-col-100 elementor-top-column elementor-element elementor-element-8f94d23\" data-id=\"8f94d23\" data-element_type=\"column\">\n\t\t\t<div class=\"elementor-widget-wrap elementor-element-populated\">\n\t\t\t\t\t\t\t\t<div class=\"elementor-element elementor-element-dba63cb elementor-widget elementor-widget-image\" data-id=\"dba63cb\" data-element_type=\"widget\" data-widget_type=\"image.default\">\n\t\t\t\t<div class=\"elementor-widget-container\">\n\t\t\t\t\t\t\t\t\t\t\t\t\t\t\t<img width=\"867\" height=\"870\" src=\"https:\/\/celinedebant.fr\/wp-content\/uploads\/2021\/04\/Capture.png\" class=\"attachment-large size-large wp-image-1048\" alt=\"\" loading=\"lazy\" srcset=\"https:\/\/celinedebant.fr\/wp-content\/uploads\/2021\/04\/Capture.png 867w, https:\/\/celinedebant.fr\/wp-content\/uploads\/2021\/04\/Capture-300x300.png 300w, https:\/\/celinedebant.fr\/wp-content\/uploads\/2021\/04\/Capture-150x150.png 150w, https:\/\/celinedebant.fr\/wp-content\/uploads\/2021\/04\/Capture-768x771.png 768w\" sizes=\"(max-width: 867px) 100vw, 867px\" \/>\t\t\t\t\t\t\t\t\t\t\t\t\t\t\t<\/div>\n\t\t\t\t<\/div>\n\t\t\t\t\t<\/div>\n\t\t<\/div>\n\t\t\t\t\t\t\t<\/div>\n\t\t<\/section>\n\t\t\t\t<section class=\"elementor-section elementor-top-section elementor-element elementor-element-c1a6c9c elementor-section-boxed elementor-section-height-default elementor-section-height-default\" data-id=\"c1a6c9c\" data-element_type=\"section\">\n\t\t\t\t\t\t<div class=\"elementor-container elementor-column-gap-default\">\n\t\t\t\t\t<div class=\"elementor-column elementor-col-100 elementor-top-column elementor-element elementor-element-8dddf8f\" data-id=\"8dddf8f\" data-element_type=\"column\">\n\t\t\t<div class=\"elementor-widget-wrap elementor-element-populated\">\n\t\t\t\t\t\t\t\t<div class=\"elementor-element elementor-element-b5e6db9 elementor-widget elementor-widget-spacer\" data-id=\"b5e6db9\" data-element_type=\"widget\" data-widget_type=\"spacer.default\">\n\t\t\t\t<div class=\"elementor-widget-container\">\n\t\t\t\t\t<div class=\"elementor-spacer\">\n\t\t\t<div class=\"elementor-spacer-inner\"><\/div>\n\t\t<\/div>\n\t\t\t\t<\/div>\n\t\t\t\t<\/div>\n\t\t\t\t<div class=\"elementor-element elementor-element-0e78567 elementor-widget elementor-widget-heading\" data-id=\"0e78567\" data-element_type=\"widget\" data-widget_type=\"heading.default\">\n\t\t\t\t<div class=\"elementor-widget-container\">\n\t\t\t<h2 class=\"elementor-heading-title elementor-size-default\">Application BIODY XPERT <\/h2>\t\t<\/div>\n\t\t\t\t<\/div>\n\t\t\t\t<div class=\"elementor-element elementor-element-7202308 elementor-widget elementor-widget-text-editor\" data-id=\"7202308\" data-element_type=\"widget\" data-widget_type=\"text-editor.default\">\n\t\t\t\t<div class=\"elementor-widget-container\">\n\t\t\t\t\t\t\t<div>Cet outil <i>BIODY XPERT ZM II<\/i> dispose d&#8217;une <b>application<\/b>\u00a0 qui\u00a0 vous permet de recevoir sur <b>votre smartphone<\/b> <b>les r\u00e9sultats<\/b> afin de pouvoir les consulter apr\u00e8s le rendez-vous.\u00a0<\/div>\n<div>\u00a0<\/div>\n<div><i>BIODY XPERT ZM II a fait l\u2019objet de validations versus Dexa dans le cadre de sa certification. Celles ci ont \u00e9t\u00e9 r\u00e9alis\u00e9es au Laboratoire des Adaptations M\u00e9taboliques \u00e0 l\u2019Exercice en conditions Physiologiques et Pathologiques (AME2P).<\/i><\/div>\n<div>\u00a0<\/div>\t\t\t\t\t\t<\/div>\n\t\t\t\t<\/div>\n\t\t\t\t<div class=\"elementor-element elementor-element-78945a6 elementor-widget elementor-widget-image\" data-id=\"78945a6\" data-element_type=\"widget\" data-widget_type=\"image.default\">\n\t\t\t\t<div class=\"elementor-widget-container\">\n\t\t\t\t\t\t\t\t\t\t\t\t\t\t\t<img width=\"768\" height=\"521\" src=\"https:\/\/celinedebant.fr\/wp-content\/uploads\/2021\/04\/qjVce4rQ-768x521.png\" class=\"attachment-medium_large size-medium_large wp-image-1002\" alt=\"\" loading=\"lazy\" srcset=\"https:\/\/celinedebant.fr\/wp-content\/uploads\/2021\/04\/qjVce4rQ-768x521.png 768w, https:\/\/celinedebant.fr\/wp-content\/uploads\/2021\/04\/qjVce4rQ-300x204.png 300w, https:\/\/celinedebant.fr\/wp-content\/uploads\/2021\/04\/qjVce4rQ-1024x695.png 1024w, https:\/\/celinedebant.fr\/wp-content\/uploads\/2021\/04\/qjVce4rQ-1536x1042.png 1536w, https:\/\/celinedebant.fr\/wp-content\/uploads\/2021\/04\/qjVce4rQ-2048x1390.png 2048w\" sizes=\"(max-width: 768px) 100vw, 768px\" \/>\t\t\t\t\t\t\t\t\t\t\t\t\t\t\t<\/div>\n\t\t\t\t<\/div>\n\t\t\t\t\t<\/div>\n\t\t<\/div>\n\t\t\t\t\t\t\t<\/div>\n\t\t<\/section>\n\t\t\t\t<section class=\"elementor-section elementor-top-section elementor-element elementor-element-4d6efa7 elementor-section-boxed elementor-section-height-default elementor-section-height-default\" data-id=\"4d6efa7\" data-element_type=\"section\">\n\t\t\t\t\t\t<div class=\"elementor-container elementor-column-gap-default\">\n\t\t\t\t\t<div class=\"elementor-column elementor-col-100 elementor-top-column elementor-element elementor-element-509a1a5\" data-id=\"509a1a5\" data-element_type=\"column\">\n\t\t\t<div class=\"elementor-widget-wrap elementor-element-populated\">\n\t\t\t\t\t\t\t\t<div class=\"elementor-element elementor-element-404b926 elementor-widget elementor-widget-html\" data-id=\"404b926\" data-element_type=\"widget\" data-widget_type=\"html.default\">\n\t\t\t\t<div class=\"elementor-widget-container\">\n\t\t\t<a \nhref=\"https:\/\/www.crenolib.fr\/prendre-rdv\/20578_micronutritionniste-a-brumath\" \nstyle=\"display: block; text-align: center; background-color: #EBB159; color: #ffffff; font-size: 15px; overflow: hidden; width: 315px; height: 50px; border-bottom-right-radius: none; border-bottom-left-radius: none; position: fixed; bottom: 0; right: 5px; z-index: 1000; border-top-left-radius: 4px; border-top-right-radius: 4px; line-height: 50px;\" \ntarget=\"_blank\" class=\"crenolib\" rel=\"noopener noreferrer\">\n<span style=\"font-size: 15px;\">RDV Cabinet & Visio - Crenolib.fr<\/span>\n<\/a>\t\t<\/div>\n\t\t\t\t<\/div>\n\t\t\t\t\t<\/div>\n\t\t<\/div>\n\t\t\t\t\t\t\t<\/div>\n\t\t<\/section>\n\t\t\t\t\t\t\t<\/div>\n\t\t","protected":false},"excerpt":{"rendered":"<p>Bio-imp\u00e9dancem\u00e9trie La\u00a0bio-imp\u00e9dancem\u00e9trie multifr\u00e9quence\u00a0permet d&#8217;obtenir une photographie de votre composition corporelle pour visualiser votre masse grasse, maigre et osseuse, ainsi que de nombreux param\u00e8tres de votre condition physique. Elle s&#8217;adresse \u00e0 toutes personnes d\u00e9sireuses de perdre du poids, ayant des probl\u00e8mes de troubles digestifs et aux sportifs\u00a0en recherche de performances. Les avantages de la bio-imp\u00e9dancem\u00e9trie multifr\u00e9quence [&hellip;]<\/p>\n","protected":false},"author":1,"featured_media":0,"parent":0,"menu_order":0,"comment_status":"closed","ping_status":"closed","template":"","meta":[],"yoast_head":"<!-- This site is optimized with the Yoast SEO plugin v17.9 - https:\/\/yoast.com\/wordpress\/plugins\/seo\/ -->\n<title>Bio-imp\u00e9dancem\u00e9trie - Sp\u00e9cialiste en nutrition sant\u00e9<\/title>\n<meta name=\"robots\" content=\"index, follow, max-snippet:-1, max-image-preview:large, max-video-preview:-1\" \/>\n<link rel=\"canonical\" href=\"https:\/\/celinedebant.fr\/index.php\/impedancemetrie\/\" \/>\n<meta property=\"og:locale\" content=\"en_US\" \/>\n<meta property=\"og:type\" content=\"article\" \/>\n<meta property=\"og:title\" content=\"Bio-imp\u00e9dancem\u00e9trie - Sp\u00e9cialiste en nutrition sant\u00e9\" \/>\n<meta property=\"og:description\" content=\"Bio-imp\u00e9dancem\u00e9trie La\u00a0bio-imp\u00e9dancem\u00e9trie multifr\u00e9quence\u00a0permet d&#8217;obtenir une photographie de votre composition corporelle pour visualiser votre masse grasse, maigre et osseuse, ainsi que de nombreux param\u00e8tres de votre condition physique. Elle s&#8217;adresse \u00e0 toutes personnes d\u00e9sireuses de perdre du poids, ayant des probl\u00e8mes de troubles digestifs et aux sportifs\u00a0en recherche de performances. Les avantages de la bio-imp\u00e9dancem\u00e9trie multifr\u00e9quence [&hellip;]\" \/>\n<meta property=\"og:url\" content=\"https:\/\/celinedebant.fr\/index.php\/impedancemetrie\/\" \/>\n<meta property=\"og:site_name\" content=\"Sp\u00e9cialiste en nutrition sant\u00e9\" \/>\n<meta property=\"article:modified_time\" content=\"2022-11-21T10:35:16+00:00\" \/>\n<meta property=\"og:image\" content=\"https:\/\/celinedebant.fr\/wp-content\/uploads\/2021\/05\/impe.png\" \/>\n<meta name=\"twitter:card\" content=\"summary_large_image\" \/>\n<meta name=\"twitter:label1\" content=\"Est. reading time\" \/>\n\t<meta name=\"twitter:data1\" content=\"2 minutes\" \/>\n<script type=\"application\/ld+json\" class=\"yoast-schema-graph\">{\"@context\":\"https:\/\/schema.org\",\"@graph\":[{\"@type\":\"WebSite\",\"@id\":\"https:\/\/celinedebant.fr\/#website\",\"url\":\"https:\/\/celinedebant.fr\/\",\"name\":\"Sp\\u00e9cialiste en nutrition sant\\u00e9\",\"description\":\"Sp\\u00e9cialiste en nutrition sant\\u00e9\",\"potentialAction\":[{\"@type\":\"SearchAction\",\"target\":{\"@type\":\"EntryPoint\",\"urlTemplate\":\"https:\/\/celinedebant.fr\/?s={search_term_string}\"},\"query-input\":\"required name=search_term_string\"}],\"inLanguage\":\"en-US\"},{\"@type\":\"ImageObject\",\"@id\":\"https:\/\/celinedebant.fr\/index.php\/impedancemetrie\/#primaryimage\",\"inLanguage\":\"en-US\",\"url\":\"https:\/\/celinedebant.fr\/wp-content\/uploads\/2021\/05\/impe.png\",\"contentUrl\":\"https:\/\/celinedebant.fr\/wp-content\/uploads\/2021\/05\/impe.png\",\"width\":391,\"height\":414},{\"@type\":\"WebPage\",\"@id\":\"https:\/\/celinedebant.fr\/index.php\/impedancemetrie\/#webpage\",\"url\":\"https:\/\/celinedebant.fr\/index.php\/impedancemetrie\/\",\"name\":\"Bio-imp\\u00e9dancem\\u00e9trie - Sp\\u00e9cialiste en nutrition sant\\u00e9\",\"isPartOf\":{\"@id\":\"https:\/\/celinedebant.fr\/#website\"},\"primaryImageOfPage\":{\"@id\":\"https:\/\/celinedebant.fr\/index.php\/impedancemetrie\/#primaryimage\"},\"datePublished\":\"2021-04-28T08:47:06+00:00\",\"dateModified\":\"2022-11-21T10:35:16+00:00\",\"breadcrumb\":{\"@id\":\"https:\/\/celinedebant.fr\/index.php\/impedancemetrie\/#breadcrumb\"},\"inLanguage\":\"en-US\",\"potentialAction\":[{\"@type\":\"ReadAction\",\"target\":[\"https:\/\/celinedebant.fr\/index.php\/impedancemetrie\/\"]}]},{\"@type\":\"BreadcrumbList\",\"@id\":\"https:\/\/celinedebant.fr\/index.php\/impedancemetrie\/#breadcrumb\",\"itemListElement\":[{\"@type\":\"ListItem\",\"position\":1,\"name\":\"Accueil\",\"item\":\"https:\/\/celinedebant.fr\/\"},{\"@type\":\"ListItem\",\"position\":2,\"name\":\"Bio-imp\\u00e9dancem\\u00e9trie\"}]}]}<\/script>\n<!-- \/ Yoast SEO plugin. -->","yoast_head_json":{"title":"Bio-imp\u00e9dancem\u00e9trie - Sp\u00e9cialiste en nutrition sant\u00e9","robots":{"index":"index","follow":"follow","max-snippet":"max-snippet:-1","max-image-preview":"max-image-preview:large","max-video-preview":"max-video-preview:-1"},"canonical":"https:\/\/celinedebant.fr\/index.php\/impedancemetrie\/","og_locale":"en_US","og_type":"article","og_title":"Bio-imp\u00e9dancem\u00e9trie - Sp\u00e9cialiste en nutrition sant\u00e9","og_description":"Bio-imp\u00e9dancem\u00e9trie La\u00a0bio-imp\u00e9dancem\u00e9trie multifr\u00e9quence\u00a0permet d&#8217;obtenir une photographie de votre composition corporelle pour visualiser votre masse grasse, maigre et osseuse, ainsi que de nombreux param\u00e8tres de votre condition physique. Elle s&#8217;adresse \u00e0 toutes personnes d\u00e9sireuses de perdre du poids, ayant des probl\u00e8mes de troubles digestifs et aux sportifs\u00a0en recherche de performances. Les avantages de la bio-imp\u00e9dancem\u00e9trie multifr\u00e9quence [&hellip;]","og_url":"https:\/\/celinedebant.fr\/index.php\/impedancemetrie\/","og_site_name":"Sp\u00e9cialiste en nutrition sant\u00e9","article_modified_time":"2022-11-21T10:35:16+00:00","og_image":[{"url":"https:\/\/celinedebant.fr\/wp-content\/uploads\/2021\/05\/impe.png"}],"twitter_card":"summary_large_image","twitter_misc":{"Est. reading time":"2 minutes"},"schema":{"@context":"https:\/\/schema.org","@graph":[{"@type":"WebSite","@id":"https:\/\/celinedebant.fr\/#website","url":"https:\/\/celinedebant.fr\/","name":"Sp\u00e9cialiste en nutrition sant\u00e9","description":"Sp\u00e9cialiste en nutrition sant\u00e9","potentialAction":[{"@type":"SearchAction","target":{"@type":"EntryPoint","urlTemplate":"https:\/\/celinedebant.fr\/?s={search_term_string}"},"query-input":"required name=search_term_string"}],"inLanguage":"en-US"},{"@type":"ImageObject","@id":"https:\/\/celinedebant.fr\/index.php\/impedancemetrie\/#primaryimage","inLanguage":"en-US","url":"https:\/\/celinedebant.fr\/wp-content\/uploads\/2021\/05\/impe.png","contentUrl":"https:\/\/celinedebant.fr\/wp-content\/uploads\/2021\/05\/impe.png","width":391,"height":414},{"@type":"WebPage","@id":"https:\/\/celinedebant.fr\/index.php\/impedancemetrie\/#webpage","url":"https:\/\/celinedebant.fr\/index.php\/impedancemetrie\/","name":"Bio-imp\u00e9dancem\u00e9trie - Sp\u00e9cialiste en nutrition sant\u00e9","isPartOf":{"@id":"https:\/\/celinedebant.fr\/#website"},"primaryImageOfPage":{"@id":"https:\/\/celinedebant.fr\/index.php\/impedancemetrie\/#primaryimage"},"datePublished":"2021-04-28T08:47:06+00:00","dateModified":"2022-11-21T10:35:16+00:00","breadcrumb":{"@id":"https:\/\/celinedebant.fr\/index.php\/impedancemetrie\/#breadcrumb"},"inLanguage":"en-US","potentialAction":[{"@type":"ReadAction","target":["https:\/\/celinedebant.fr\/index.php\/impedancemetrie\/"]}]},{"@type":"BreadcrumbList","@id":"https:\/\/celinedebant.fr\/index.php\/impedancemetrie\/#breadcrumb","itemListElement":[{"@type":"ListItem","position":1,"name":"Accueil","item":"https:\/\/celinedebant.fr\/"},{"@type":"ListItem","position":2,"name":"Bio-imp\u00e9dancem\u00e9trie"}]}]}},"_links":{"self":[{"href":"https:\/\/celinedebant.fr\/index.php\/wp-json\/wp\/v2\/pages\/1040"}],"collection":[{"href":"https:\/\/celinedebant.fr\/index.php\/wp-json\/wp\/v2\/pages"}],"about":[{"href":"https:\/\/celinedebant.fr\/index.php\/wp-json\/wp\/v2\/types\/page"}],"author":[{"embeddable":true,"href":"https:\/\/celinedebant.fr\/index.php\/wp-json\/wp\/v2\/users\/1"}],"replies":[{"embeddable":true,"href":"https:\/\/celinedebant.fr\/index.php\/wp-json\/wp\/v2\/comments?post=1040"}],"version-history":[{"count":54,"href":"https:\/\/celinedebant.fr\/index.php\/wp-json\/wp\/v2\/pages\/1040\/revisions"}],"predecessor-version":[{"id":2490,"href":"https:\/\/celinedebant.fr\/index.php\/wp-json\/wp\/v2\/pages\/1040\/revisions\/2490"}],"wp:attachment":[{"href":"https:\/\/celinedebant.fr\/index.php\/wp-json\/wp\/v2\/media?parent=1040"}],"curies":[{"name":"wp","href":"https:\/\/api.w.org\/{rel}","templated":true}]}}